{"id":10319,"date":"2023-02-18T18:11:26","date_gmt":"2023-02-18T16:11:26","guid":{"rendered":"https:\/\/gymnasium-odenkirchen.de\/wordpress\/?page_id=10319"},"modified":"2023-02-18T18:11:26","modified_gmt":"2023-02-18T16:11:26","slug":"einmalige-massnahmen-2023","status":"publish","type":"page","link":"https:\/\/gymnasium-odenkirchen.de\/wordpress\/?page_id=10319","title":{"rendered":"Einmalige Ma\u00dfnahmen 2023"},"content":{"rendered":"<p>Neben wiederkehrenden F\u00f6rderma\u00dfnahmen hat sich der Verein der Freunde und F\u00f6rderer des Gymnasiums Odenkirchen e.V. auch 2023 wieder verschiedenen einmaligen Projekten und Anschaffungen gewidmet. Diese werden in chronologisch absteigender Reihenfolge hier vorgestellt.<\/p>\n<p>&nbsp;<\/p>\n<p><em>Digitale Thermometer f\u00fcr Experimente in den Naturwissenschaften<\/em><\/p>\n<p>Die Anschaffung von digitalen Thermometern erm\u00f6glicht aufgrund der Anzahl und Funktionalit\u00e4t ein selbstst\u00e4ndiges Experimentieren durch die Sch\u00fclerinnen und Sch\u00fcler. Bisher kamen sie zum Einsatz bei Modellversuchen in der \u00d6kologie der Jahrgangstufe Q1 (siehe Fotos), bei denen die Wirkung des Faktors Temperatur auf Lebewesen untersucht wurde. So konnte die \u201eVorzugstemperatur\u201c von Kellerasseln in Form von Temperaturzonen beobachtet werden. Die Thermometer dienten dabei zur Bestimmung der Temperaturzonen auf einer sogenannten Temperaturorgel. Andere Eins\u00e4tze sind denkbar in kleineren Klassen, wenn zum Beispiel die isolierende Wirkung von Federn oder Fell experimentell \u00fcberpr\u00fcft werden soll.<br \/>\n(Stefan Ostkirchen)<\/p>\n<p><img loading=\"lazy\" decoding=\"async\" class=\"alignnone size-medium wp-image-10320\" src=\"https:\/\/gymnasium-odenkirchen.de\/wordpress\/wp-content\/uploads\/2023\/02\/Thermometer1-300x225.jpeg\" alt=\"\" width=\"300\" height=\"225\" srcset=\"https:\/\/gymnasium-odenkirchen.de\/wordpress\/wp-content\/uploads\/2023\/02\/Thermometer1-300x225.jpeg 300w, https:\/\/gymnasium-odenkirchen.de\/wordpress\/wp-content\/uploads\/2023\/02\/Thermometer1-450x338.jpeg 450w, https:\/\/gymnasium-odenkirchen.de\/wordpress\/wp-content\/uploads\/2023\/02\/Thermometer1.jpeg 640w\" sizes=\"auto, (max-width: 300px) 100vw, 300px\" \/> <img loading=\"lazy\" decoding=\"async\" class=\"alignnone size-medium wp-image-10321\" src=\"https:\/\/gymnasium-odenkirchen.de\/wordpress\/wp-content\/uploads\/2023\/02\/Thermometer2-225x300.jpeg\" alt=\"\" width=\"225\" height=\"300\" srcset=\"https:\/\/gymnasium-odenkirchen.de\/wordpress\/wp-content\/uploads\/2023\/02\/Thermometer2-225x300.jpeg 225w, https:\/\/gymnasium-odenkirchen.de\/wordpress\/wp-content\/uploads\/2023\/02\/Thermometer2-450x600.jpeg 450w, https:\/\/gymnasium-odenkirchen.de\/wordpress\/wp-content\/uploads\/2023\/02\/Thermometer2-rotated.jpeg 480w\" sizes=\"auto, (max-width: 225px) 100vw, 225px\" \/><\/p>\n<p>&nbsp;<\/p>\n<p><em>Neue Musikanlage f\u00fcr den Sportunterricht<\/em><\/p>\n<p>Die Fachschaft Sport freut sich \u00fcber eine neue Musikanlage, die der F\u00f6rderverein finanziert hat. Einsatz findet die Anlage, wie der Fachschaftsvorsitzende Stefan Kloock mitteilte, zum Beispiel bei Step-Aerobic, Rope Skipping oder Fitness-Zirkel. Zudem kann sie bei Schulsportfesten, beispielsweise bei Fu\u00dfballturnieren, als Mikrofonanlage genutzt werden.<\/p>\n<p><img loading=\"lazy\" decoding=\"async\" class=\"alignnone size-medium wp-image-10322\" src=\"https:\/\/gymnasium-odenkirchen.de\/wordpress\/wp-content\/uploads\/2023\/02\/Musikanlage-Sport1-225x300.jpg\" alt=\"\" width=\"225\" height=\"300\" srcset=\"https:\/\/gymnasium-odenkirchen.de\/wordpress\/wp-content\/uploads\/2023\/02\/Musikanlage-Sport1-225x300.jpg 225w, https:\/\/gymnasium-odenkirchen.de\/wordpress\/wp-content\/uploads\/2023\/02\/Musikanlage-Sport1-450x600.jpg 450w, https:\/\/gymnasium-odenkirchen.de\/wordpress\/wp-content\/uploads\/2023\/02\/Musikanlage-Sport1.jpg 480w\" sizes=\"auto, (max-width: 225px) 100vw, 225px\" \/> <img loading=\"lazy\" decoding=\"async\" class=\"alignnone size-medium wp-image-10323\" src=\"https:\/\/gymnasium-odenkirchen.de\/wordpress\/wp-content\/uploads\/2023\/02\/Musikanlage-Sport2-225x300.jpg\" alt=\"\" width=\"225\" height=\"300\" srcset=\"https:\/\/gymnasium-odenkirchen.de\/wordpress\/wp-content\/uploads\/2023\/02\/Musikanlage-Sport2-225x300.jpg 225w, https:\/\/gymnasium-odenkirchen.de\/wordpress\/wp-content\/uploads\/2023\/02\/Musikanlage-Sport2-450x600.jpg 450w, https:\/\/gymnasium-odenkirchen.de\/wordpress\/wp-content\/uploads\/2023\/02\/Musikanlage-Sport2.jpg 480w\" sizes=\"auto, (max-width: 225px) 100vw, 225px\" \/> <img loading=\"lazy\" decoding=\"async\" class=\"alignnone size-medium wp-image-10324\" src=\"https:\/\/gymnasium-odenkirchen.de\/wordpress\/wp-content\/uploads\/2023\/02\/Musikanlage-Sport3-300x225.jpg\" alt=\"\" width=\"300\" height=\"225\" srcset=\"https:\/\/gymnasium-odenkirchen.de\/wordpress\/wp-content\/uploads\/2023\/02\/Musikanlage-Sport3-300x225.jpg 300w, https:\/\/gymnasium-odenkirchen.de\/wordpress\/wp-content\/uploads\/2023\/02\/Musikanlage-Sport3-450x338.jpg 450w, https:\/\/gymnasium-odenkirchen.de\/wordpress\/wp-content\/uploads\/2023\/02\/Musikanlage-Sport3.jpg 640w\" sizes=\"auto, (max-width: 300px) 100vw, 300px\" \/><\/p>\n<p>&nbsp;<\/p>\n","protected":false},"excerpt":{"rendered":"<p>Neben wiederkehrenden F\u00f6rderma\u00dfnahmen hat sich der Verein der Freunde und F\u00f6rderer des Gymnasiums Odenkirchen e.V. auch 2023 wieder verschiedenen einmaligen Projekten und Anschaffungen gewidmet. Diese werden in chronologisch absteigender Reihenfolge hier vorgestellt. &nbsp; Digitale Thermometer f\u00fcr Experimente in den Naturwissenschaften Die Anschaffung von digitalen Thermometern erm\u00f6glicht aufgrund der Anzahl und Funktionalit\u00e4t ein selbstst\u00e4ndiges Experimentieren durch die Sch\u00fclerinnen und Sch\u00fcler. Bisher kamen sie zum Einsatz bei Modellversuchen in der \u00d6kologie der Jahrgangstufe Q1 (siehe Fotos), bei denen die Wirkung des Faktors Temperatur auf Lebewesen untersucht wurde. So konnte die \u201eVorzugstemperatur\u201c von Kellerasseln in Form von Temperaturzonen beobachtet werden. Die Thermometer dienten [&hellip;]<\/p>\n","protected":false},"author":8,"featured_media":0,"parent":3077,"menu_order":0,"comment_status":"closed","ping_status":"closed","template":"","meta":{"ngg_post_thumbnail":0,"footnotes":""},"class_list":["post-10319","page","type-page","status-publish","hentry"],"_links":{"self":[{"href":"https:\/\/gymnasium-odenkirchen.de\/wordpress\/index.php?rest_route=\/wp\/v2\/pages\/10319","targetHints":{"allow":["GET"]}}],"collection":[{"href":"https:\/\/gymnasium-odenkirchen.de\/wordpress\/index.php?rest_route=\/wp\/v2\/pages"}],"about":[{"href":"https:\/\/gymnasium-odenkirchen.de\/wordpress\/index.php?rest_route=\/wp\/v2\/types\/page"}],"author":[{"embeddable":true,"href":"https:\/\/gymnasium-odenkirchen.de\/wordpress\/index.php?rest_route=\/wp\/v2\/users\/8"}],"replies":[{"embeddable":true,"href":"https:\/\/gymnasium-odenkirchen.de\/wordpress\/index.php?rest_route=%2Fwp%2Fv2%2Fcomments&post=10319"}],"version-history":[{"count":2,"href":"https:\/\/gymnasium-odenkirchen.de\/wordpress\/index.php?rest_route=\/wp\/v2\/pages\/10319\/revisions"}],"predecessor-version":[{"id":10326,"href":"https:\/\/gymnasium-odenkirchen.de\/wordpress\/index.php?rest_route=\/wp\/v2\/pages\/10319\/revisions\/10326"}],"up":[{"embeddable":true,"href":"https:\/\/gymnasium-odenkirchen.de\/wordpress\/index.php?rest_route=\/wp\/v2\/pages\/3077"}],"wp:attachment":[{"href":"https:\/\/gymnasium-odenkirchen.de\/wordpress\/index.php?rest_route=%2Fwp%2Fv2%2Fmedia&parent=10319"}],"curies":[{"name":"wp","href":"https:\/\/api.w.org\/{rel}","templated":true}]}}