{"id":3074,"date":"2018-01-18T17:02:06","date_gmt":"2018-01-18T15:02:06","guid":{"rendered":"http:\/\/unterricht.gymnasium-odenkirchen.de\/wordpress\/?page_id=3074"},"modified":"2026-01-08T07:46:55","modified_gmt":"2026-01-08T05:46:55","slug":"schuelervertretung","status":"publish","type":"page","link":"https:\/\/gymnasium-odenkirchen.de\/wordpress\/?page_id=3074","title":{"rendered":"Sch\u00fclervertretung"},"content":{"rendered":"<h2><img loading=\"lazy\" decoding=\"async\" class=\"wp-image-6387 aligncenter\" src=\"https:\/\/gymnasium-odenkirchen.de\/wordpress\/wp-content\/uploads\/2023\/04\/SV.jpg\" alt=\"\" width=\"726\" height=\"545\"><\/h2>\n<h2>Die Sch\u00fclervertretung<\/h2>\n<p>Die <strong>S<\/strong>ch\u00fcler<strong>v<\/strong>ertretung, auch kurz <strong>SV<\/strong>, hat verschiedene Aufgaben und Angebote im Schulalltag. Die SV ist generell eine <strong>offene<\/strong> und <strong>freiwillige<\/strong> Gemeinschaft von Sch\u00fclerinnen und Sch\u00fclern aller Jahrg\u00e4nge. Grunds\u00e4tzlich kann <strong>jeder<\/strong> beitreten und so das Schulleben aktiv und kreativ mitgestalten!<\/p>\n<p>Die Sch\u00fclervertretung setzt sich aus <strong>unabh\u00e4ngigen<\/strong>, nicht gew\u00e4hlten Mitgliedern zusammen. Den Vorsitz bilden jedoch der\/die einmal j\u00e4hrlich in einer Sch\u00fclervollversammlung <strong>gew\u00e4hlte<\/strong> <strong>Sch\u00fclersprecher\/in<\/strong> und in dessen\/deren ebenfalls gew\u00e4hlte Vertreter\/in. In der Sch\u00fclerratssitzung wahlberechtigt sind nur die Klassen- bzw. Tutorenkurs-Sprecher\/innen, welche zuvor in den jeweiligen Klassen und Kursen gew\u00e4hlt wurden. Bei der Sch\u00fclervollversammlung sind alle Sch\u00fclerinnen und Sch\u00fcler wahlberechtigt. Jeder ab der <strong>siebten<\/strong> Klasse darf sich zur Wahl aufstellen, es wird <strong>ein\/e Sch\u00fclersprecher\/in<\/strong> und noch weitere <strong>elf Sch\u00fclervertreter gew\u00e4hlt<\/strong>. Die ersten sechs sind die direkten Vertreter f\u00fcr die Schulkonferenz, die weiteren sechs sind die Ersatzvertreter der ersten sechs.<\/p>\n<p>Es werden au\u00dferdem je f\u00fcr ein Schuljahr zwei Vertrauenslehrer gew\u00e4hlt, welche Vertrauenspersonen aller Sch\u00fcler sind und der SV beratend zu Seite stehen.<\/p>\n<h2>Die aktuelle Delegiertenliste der SV<\/h2>\n<p>Sch\u00fclersprecher*in: Max Czapiewski (EF)<br \/>\nStellvertreter*in: Jakob Deussen (EF), Sofia Missal (EF)<\/p>\n<h3>Sch\u00fclervertreter*innen f\u00fcr die Schulkonferenz<\/h3>\n<ul>\n<li>Max Czapiewski<\/li>\n<li>Jakob Deussen<\/li>\n<li>Sofia Missal<\/li>\n<li>Felix Schiermeyer<\/li>\n<li>Andrey Konyshev<\/li>\n<li>Sophia Kanontzidis<\/li>\n<li>Theresa Schlebach<\/li>\n<li>Jan-Malte Schlebach<\/li>\n<li>Anna Winzen<\/li>\n<li>Samuel S\u00e4lze<\/li>\n<\/ul>\n<h3>Kassenwart:<\/h3>\n<p>Samy-Jo Kalb<br \/>\nAnna Winzen<\/p>\n<h2>SV-Lehrer*in<\/h2>\n<p>Frau Peschke<br \/>\nFrau Kritsimos<\/p>\n<h2>Die Aufgaben der SV<\/h2>\n<p>Die <strong>Hauptaufgaben<\/strong> der SV sind erstens die Vertretung der Sch\u00fclerschaft bei der 2 mal im Schuljahr stattfindenden <strong>Schulkonferenz<\/strong>. Jede\/r Sch\u00fcler\/in kann sich bei der SV melden und seine\/ihre Idee pr\u00e4sentieren und die SV ber\u00e4t sich dann intern und wird gegebenenfalls einen Antrag in der Schulkonferenz stellen.<\/p>\n<p>Eine weitere wichtige Aufgabe der SV ist, dass Sie in <strong>Fachkonferenzen vertreten<\/strong> ist und auch dort die Meinung der Sch\u00fcler vertritt. Obwohl die Sch\u00fcler bei einer Fachkonferenz keine Wahl- und Abstimmungsberechtigung haben, k\u00f6nnen die Vertreter dort ihre Meinung pr\u00e4sentieren und mitdiskutieren.<\/p>\n<p>Au\u00dferdem ist es Aufgabe der SV, <strong>Ansprechpartner bei Problemen, Fragen, Konflikten, Ideen und weiteren Anliegen<\/strong> zu sein. Die Sch\u00fclerinnen und Sch\u00fcler k\u00f6nnen in jeder gro\u00dfen Pause in den SV Raum kommen und die SV und die gew\u00e4hlten Vertrauenslehrer ansprechen. Die SV versucht dann, die Probleme zu l\u00f6sen.<\/p>\n<h2>Angebote der SV<\/h2>\n<p>Neben zahlreichen Aufgaben hat die SV auch Angebote:<\/p>\n<p>Zweimal im Schuljahr finden zudem Unterstufenpartys statt, die die SV organisiert. Auf diesen Partys feiern Sch\u00fcler*innen der Unterstufe zusammen. Au\u00dferdem findet jedes Jahr eine Karnevalsparty statt. Hier haben wir uns in den letzten Jahren immer gefreut, dass das Kinderprinzenpaar mit uns gefeiert hat.<\/p>\n<p>&nbsp;<\/p>\n<p>Ihr findet uns in jeder <strong>gro\u00dfen Pause im SV-B\u00fcro in B 001.<\/strong><\/p>\n<p>Auch unter der folgenden E-Mail-Adresse k\u00f6nnt ihr uns erreichen:<\/p>\n<p>&nbsp;&nbsp;&nbsp; <a href=\"mailto:sv@gymnasium-Odenkirchen.de\">sv@gymnasium-odenkirchen.de<\/a><\/p>\n<p>&nbsp;&nbsp;&nbsp; <a href=\"mailto:schuelersprecher@gymnasium-Odenkirchen.de\">sch\u00fclersprecher@gymnasium-odenkirchen.de<\/a><\/p>\n<p>&nbsp;<\/p>\n","protected":false},"excerpt":{"rendered":"<p>Die Sch\u00fclervertretung Die Sch\u00fclervertretung, auch kurz SV, hat verschiedene Aufgaben und Angebote im Schulalltag. Die SV ist generell eine offene und freiwillige Gemeinschaft von Sch\u00fclerinnen und Sch\u00fclern aller Jahrg\u00e4nge. Grunds\u00e4tzlich kann jeder beitreten und so das Schulleben aktiv und kreativ mitgestalten! Die Sch\u00fclervertretung setzt sich aus unabh\u00e4ngigen, nicht gew\u00e4hlten Mitgliedern zusammen. Den Vorsitz bilden jedoch der\/die einmal j\u00e4hrlich in einer Sch\u00fclervollversammlung gew\u00e4hlte Sch\u00fclersprecher\/in und in dessen\/deren ebenfalls gew\u00e4hlte Vertreter\/in. In der Sch\u00fclerratssitzung wahlberechtigt sind nur die Klassen- bzw. Tutorenkurs-Sprecher\/innen, welche zuvor in den jeweiligen Klassen und Kursen gew\u00e4hlt wurden. Bei der Sch\u00fclervollversammlung sind alle Sch\u00fclerinnen und Sch\u00fcler wahlberechtigt. Jeder ab [&hellip;]<\/p>\n","protected":false},"author":5,"featured_media":0,"parent":0,"menu_order":0,"comment_status":"closed","ping_status":"closed","template":"","meta":{"ngg_post_thumbnail":0,"footnotes":""},"class_list":["post-3074","page","type-page","status-publish","hentry"],"_links":{"self":[{"href":"https:\/\/gymnasium-odenkirchen.de\/wordpress\/index.php?rest_route=\/wp\/v2\/pages\/3074","targetHints":{"allow":["GET"]}}],"collection":[{"href":"https:\/\/gymnasium-odenkirchen.de\/wordpress\/index.php?rest_route=\/wp\/v2\/pages"}],"about":[{"href":"https:\/\/gymnasium-odenkirchen.de\/wordpress\/index.php?rest_route=\/wp\/v2\/types\/page"}],"author":[{"embeddable":true,"href":"https:\/\/gymnasium-odenkirchen.de\/wordpress\/index.php?rest_route=\/wp\/v2\/users\/5"}],"replies":[{"embeddable":true,"href":"https:\/\/gymnasium-odenkirchen.de\/wordpress\/index.php?rest_route=%2Fwp%2Fv2%2Fcomments&post=3074"}],"version-history":[{"count":28,"href":"https:\/\/gymnasium-odenkirchen.de\/wordpress\/index.php?rest_route=\/wp\/v2\/pages\/3074\/revisions"}],"predecessor-version":[{"id":12530,"href":"https:\/\/gymnasium-odenkirchen.de\/wordpress\/index.php?rest_route=\/wp\/v2\/pages\/3074\/revisions\/12530"}],"wp:attachment":[{"href":"https:\/\/gymnasium-odenkirchen.de\/wordpress\/index.php?rest_route=%2Fwp%2Fv2%2Fmedia&parent=3074"}],"curies":[{"name":"wp","href":"https:\/\/api.w.org\/{rel}","templated":true}]}}