{"id":3078,"date":"2018-01-18T17:02:06","date_gmt":"2018-01-18T15:02:06","guid":{"rendered":"http:\/\/unterricht.gymnasium-odenkirchen.de\/wordpress\/?page_id=3078"},"modified":"2018-08-08T08:29:58","modified_gmt":"2018-08-08T06:29:58","slug":"ehemalige","status":"publish","type":"page","link":"https:\/\/gymnasium-odenkirchen.de\/wordpress\/?page_id=3078","title":{"rendered":"Ehemalige"},"content":{"rendered":"<p>Seit einigen Jahren findet an unserer Schule ein Ehemaligentreffen statt. Im Jubil\u00e4umsjahr 2011 haben wir am 17. September 2011 das bisher gr\u00f6\u00dfte Treffen durchgef\u00fchrt. Mit fast 1000 Ehemaligen konnten wir das 150 j\u00e4hrige Bestehen des Gymnasiums Odenkirchen feiern. <\/p>\n<p>Die Ehemaligentreffen finden traditionell im September statt. Informationen finden Sie hier oder auf www.facebook.com\/gymnasium.odenkirchen.<\/p>\n<p>Ehemaligentreffen 2018: Das n\u00e4chste Ehemaligentreffen ist f\u00fcr _____________geplant.<\/p>\n<p>Sobald die Planungen f\u00fcr das traditionelle Fu\u00dfballturnier um den Schmidt-L\u00fcpertz Pokal in der Turnhalle an der Kirschhecke anlaufen, finden sich hier weitere Hinweise. <\/p>\n<p>Ehemalige Sch\u00fclerinnen und Sch\u00fcler richten ihre Anfragen zu Abiturklausuren bitte an Frau Kurtz-Lauer. Mailadresse: archiv-gymnasium-odenkirchen(at)gmx.de<\/p>\n","protected":false},"excerpt":{"rendered":"<p>Seit einigen Jahren findet an unserer Schule ein Ehemaligentreffen statt. Im Jubil\u00e4umsjahr 2011 haben wir am 17. September 2011 das bisher gr\u00f6\u00dfte Treffen durchgef\u00fchrt. Mit fast 1000 Ehemaligen konnten wir das 150 j\u00e4hrige Bestehen des Gymnasiums Odenkirchen feiern. Die Ehemaligentreffen finden traditionell im September statt. Informationen finden Sie hier oder auf www.facebook.com\/gymnasium.odenkirchen. Ehemaligentreffen 2018: Das n\u00e4chste Ehemaligentreffen ist f\u00fcr _____________geplant. Sobald die Planungen f\u00fcr das traditionelle Fu\u00dfballturnier um den Schmidt-L\u00fcpertz Pokal in der Turnhalle an der Kirschhecke anlaufen, finden sich hier weitere Hinweise. Ehemalige Sch\u00fclerinnen und Sch\u00fcler richten ihre Anfragen zu Abiturklausuren bitte an Frau Kurtz-Lauer. Mailadresse: archiv-gymnasium-odenkirchen(at)gmx.de<\/p>\n","protected":false},"author":5,"featured_media":0,"parent":0,"menu_order":0,"comment_status":"closed","ping_status":"closed","template":"","meta":{"ngg_post_thumbnail":0,"footnotes":""},"class_list":["post-3078","page","type-page","status-publish","hentry"],"_links":{"self":[{"href":"https:\/\/gymnasium-odenkirchen.de\/wordpress\/index.php?rest_route=\/wp\/v2\/pages\/3078","targetHints":{"allow":["GET"]}}],"collection":[{"href":"https:\/\/gymnasium-odenkirchen.de\/wordpress\/index.php?rest_route=\/wp\/v2\/pages"}],"about":[{"href":"https:\/\/gymnasium-odenkirchen.de\/wordpress\/index.php?rest_route=\/wp\/v2\/types\/page"}],"author":[{"embeddable":true,"href":"https:\/\/gymnasium-odenkirchen.de\/wordpress\/index.php?rest_route=\/wp\/v2\/users\/5"}],"replies":[{"embeddable":true,"href":"https:\/\/gymnasium-odenkirchen.de\/wordpress\/index.php?rest_route=%2Fwp%2Fv2%2Fcomments&post=3078"}],"version-history":[{"count":4,"href":"https:\/\/gymnasium-odenkirchen.de\/wordpress\/index.php?rest_route=\/wp\/v2\/pages\/3078\/revisions"}],"predecessor-version":[{"id":4145,"href":"https:\/\/gymnasium-odenkirchen.de\/wordpress\/index.php?rest_route=\/wp\/v2\/pages\/3078\/revisions\/4145"}],"wp:attachment":[{"href":"https:\/\/gymnasium-odenkirchen.de\/wordpress\/index.php?rest_route=%2Fwp%2Fv2%2Fmedia&parent=3078"}],"curies":[{"name":"wp","href":"https:\/\/api.w.org\/{rel}","templated":true}]}}