{"id":3109,"date":"2018-01-18T17:11:18","date_gmt":"2018-01-18T15:11:18","guid":{"rendered":"http:\/\/unterricht.gymnasium-odenkirchen.de\/wordpress\/?page_id=3109"},"modified":"2019-09-04T14:21:52","modified_gmt":"2019-09-04T12:21:52","slug":"stundenraster","status":"publish","type":"page","link":"https:\/\/gymnasium-odenkirchen.de\/wordpress\/?page_id=3109","title":{"rendered":"Stundenraster"},"content":{"rendered":"<p>Seit dem Schuljahr 2010\/2011 wird an unserer Schule nach dem 60-Minuten-Modell unterrichtet. Das bedeutet, dass eine Schulstunde nicht wie bisher \u00fcblich 45 Minuten, sondern 60 Minuten lang dauert.<br \/>\nDer Vorteil ist, dass wir im Vergleich zum 45\u2013Minuten-Modell pro Tag nicht so viele F\u00e4cher unterrichten. Ihre Kinder m\u00fcssen also weniger B\u00fccher mitbringen, der Tornister wird leichter.<br \/>\nIn den Jahrgangsstufen 5 bis 9 unterrichten wir maximal 5 Stunden am Tag, so dass in diesen Stufen kein Nachmittagsunterricht stattfindet.<\/p>\n<div class=\"scroll\">\n<table>\n<tbody>\n<tr>\n<td width=\"150\">\n<p style=\"text-align: center;\">1. Stunde<\/p>\n<\/td>\n<td style=\"text-align: center;\" width=\"150\">\n<p style=\"text-align: center;\">8:00 &#8211; 9:00 Uhr<\/p>\n<\/td>\n<\/tr>\n<tr>\n<td width=\"150\">\n<p style=\"text-align: center;\">2. Stunde<\/p>\n<\/td>\n<td width=\"126\">\n<p style=\"text-align: center;\">9:05 &#8211; 10:05 Uhr<\/p>\n<\/td>\n<\/tr>\n<tr>\n<td width=\"200\">\n<p style=\"text-align: center;\"><em>1. gro\u00dfe Pause<\/em><\/p>\n<\/td>\n<td width=\"150\">\n<p style=\"text-align: center;\"><em>10:05 &#8211; 10:25 Uhr<\/em><\/p>\n<\/td>\n<\/tr>\n<tr>\n<td width=\"150\">\n<p style=\"text-align: center;\">3. Stunde<\/p>\n<\/td>\n<td width=\"150\">\n<p style=\"text-align: center;\">10:25 &#8211; 11:25 Uhr<\/p>\n<\/td>\n<\/tr>\n<tr>\n<td width=\"150\">\n<p style=\"text-align: center;\">4. Stunde<\/p>\n<\/td>\n<td width=\"150\">\n<p style=\"text-align: center;\">11:35 \u2013 12:35 Uhr<\/p>\n<\/td>\n<\/tr>\n<tr>\n<td width=\"150\">\n<p style=\"text-align: center;\"><em>2. gro\u00dfe Pause<\/em><\/p>\n<\/td>\n<td width=\"150\">\n<p style=\"text-align: center;\"><em>12:35 \u2013 12:50 Uhr<\/em><\/p>\n<\/td>\n<\/tr>\n<tr>\n<td width=\"150\">\n<p style=\"text-align: center;\">5. Stunde<br \/>\n(Ende des Vormittagsunterrichts der Sek I)<\/p>\n<\/td>\n<td width=\"150\">\n<p style=\"text-align: center;\">12:50 \u2013 13:50 Uhr<\/p>\n<\/td>\n<\/tr>\n<tr>\n<td width=\"150\">\n<p style=\"text-align: center;\">6. Stunde<\/p>\n<\/td>\n<td width=\"150\">\n<p style=\"text-align: center;\">13:50 \u2013 14:50 Uhr<\/p>\n<\/td>\n<\/tr>\n<tr>\n<td style=\"text-align: center;\" width=\"150\">7. Stunde<\/td>\n<td width=\"150\">\n<p style=\"text-align: center;\">14:50 \u2013 15:50 Uhr<\/p>\n<\/td>\n<\/tr>\n<\/tbody>\n<\/table>\n<h3>Nachmittagsunterricht Sport<\/h3>\n<table>\n<tbody>\n<tr>\n<td style=\"text-align: center;\" width=\"150\">6. Stunde<\/td>\n<td width=\"150\">\n<p style=\"text-align: center;\">13:50 \u2013 15:00 Uhr<\/p>\n<\/td>\n<\/tr>\n<tr>\n<td style=\"text-align: center;\" width=\"150\">7. Stunde<\/td>\n<td width=\"150\">\n<p style=\"text-align: center;\">15:00 \u2013 16:10 Uhr<\/p>\n<\/td>\n<\/tr>\n<tr>\n<td style=\"text-align: center;\" width=\"150\">8. Stunde<\/td>\n<td width=\"150\">\n<p style=\"text-align: center;\">16:10 \u2013 17:20 Uhr<\/p>\n<\/td>\n<\/tr>\n<\/tbody>\n<\/table>\n","protected":false},"excerpt":{"rendered":"<p>Seit dem Schuljahr 2010\/2011 wird an unserer Schule nach dem 60-Minuten-Modell unterrichtet. Das bedeutet, dass eine Schulstunde nicht wie bisher \u00fcblich 45 Minuten, sondern 60 Minuten lang dauert. Der Vorteil ist, dass wir im Vergleich zum 45\u2013Minuten-Modell pro Tag nicht so viele F\u00e4cher unterrichten. Ihre Kinder m\u00fcssen also weniger B\u00fccher mitbringen, der Tornister wird leichter. In den Jahrgangsstufen 5 bis 9 unterrichten wir maximal 5 Stunden am Tag, so dass in diesen Stufen kein Nachmittagsunterricht stattfindet. 1. Stunde 8:00 &#8211; 9:00 Uhr 2. Stunde 9:05 &#8211; 10:05 Uhr 1. gro\u00dfe Pause 10:05 &#8211; 10:25 Uhr 3. Stunde 10:25 &#8211; 11:25 [&hellip;]<\/p>\n","protected":false},"author":5,"featured_media":0,"parent":0,"menu_order":0,"comment_status":"closed","ping_status":"closed","template":"","meta":{"ngg_post_thumbnail":0,"footnotes":""},"class_list":["post-3109","page","type-page","status-publish","hentry"],"_links":{"self":[{"href":"https:\/\/gymnasium-odenkirchen.de\/wordpress\/index.php?rest_route=\/wp\/v2\/pages\/3109","targetHints":{"allow":["GET"]}}],"collection":[{"href":"https:\/\/gymnasium-odenkirchen.de\/wordpress\/index.php?rest_route=\/wp\/v2\/pages"}],"about":[{"href":"https:\/\/gymnasium-odenkirchen.de\/wordpress\/index.php?rest_route=\/wp\/v2\/types\/page"}],"author":[{"embeddable":true,"href":"https:\/\/gymnasium-odenkirchen.de\/wordpress\/index.php?rest_route=\/wp\/v2\/users\/5"}],"replies":[{"embeddable":true,"href":"https:\/\/gymnasium-odenkirchen.de\/wordpress\/index.php?rest_route=%2Fwp%2Fv2%2Fcomments&post=3109"}],"version-history":[{"count":146,"href":"https:\/\/gymnasium-odenkirchen.de\/wordpress\/index.php?rest_route=\/wp\/v2\/pages\/3109\/revisions"}],"predecessor-version":[{"id":6300,"href":"https:\/\/gymnasium-odenkirchen.de\/wordpress\/index.php?rest_route=\/wp\/v2\/pages\/3109\/revisions\/6300"}],"wp:attachment":[{"href":"https:\/\/gymnasium-odenkirchen.de\/wordpress\/index.php?rest_route=%2Fwp%2Fv2%2Fmedia&parent=3109"}],"curies":[{"name":"wp","href":"https:\/\/api.w.org\/{rel}","templated":true}]}}