{"id":3114,"date":"2018-01-18T17:11:18","date_gmt":"2018-01-18T15:11:18","guid":{"rendered":"http:\/\/unterricht.gymnasium-odenkirchen.de\/wordpress\/?page_id=3114"},"modified":"2025-08-21T10:10:23","modified_gmt":"2025-08-21T08:10:23","slug":"sekundarstufe-ii","status":"publish","type":"page","link":"https:\/\/gymnasium-odenkirchen.de\/wordpress\/?page_id=3114","title":{"rendered":"Oberstufe"},"content":{"rendered":"<h1 style=\"text-align: center;\"><strong>Die gymnasiale Oberstufe (Sekundarstufe II)<\/strong><\/h1>\n<p>&nbsp;<\/p>\n<p>Sehr geehrte Eltern, liebe Sch\u00fclerinnen und Sch\u00fcler,<\/p>\n<p>Um den \u00dcbergang und die Fortsetzung einer erfolgreichen Schullaufbahn zu erm\u00f6glichen, bietet das Oberstufenteam ein breites Angebot an Beratung und Informationen. So stehen den drei Jahrgangsstufen jeweils zwei Beratungslehrer*innen zur Seite, die die Sch\u00fcler bis zum Abitur begleiten. Hierbei sind pro Schuljahr zwei Beratungstermine zum Ende des Halb- bzw. Schuljahres festgelegt, um Laufbahnfragen individuell besprechen zu k\u00f6nnen. Zudem sind sie auch wichtige Ansprechpartner, die bei weitergehenden Fragen oder Problemen zur Verf\u00fcgung stehen.<\/p>\n<p><strong>Die Beratungslehrkr\u00e4fte im Schuljahr 2025\/26:<\/strong><\/p>\n<ul>\n<li>Einf\u00fchrungsphase: Frau Beberok und Frau Fritsch<\/li>\n<li>Qualifikationsphase I: Herr Heller und Frau L\u00fcchtrath<\/li>\n<li>Qualifikationsphase II: entf\u00e4llt im Schuljahr 2025\/26<\/li>\n<\/ul>\n<p>Oberstufenkoordinatorin: Frau Schwarz<\/p>\n<p><strong>Kontakt:<\/strong> 02166-9698515 oder oberstufe.go@gymnasium-odenkirchen.de<\/p>\n<h3>&nbsp;<\/h3>\n<p><strong>Aufbau der gymnasialen Oberstufe:<\/strong><\/p>\n<p>Die Oberstufe ist ein dreij\u00e4hriger Bildungsgang, der sich in folgende Bereiche gliedert:<\/p>\n<ul>\n<li>die <strong>Einf\u00fchrungsphase<\/strong>,<\/li>\n<li>die <strong>zweij\u00e4hrige Qualifikationsphase<\/strong>, die den sogenannten Block I bildet, an dessen Ende die Zulassung zur Abiturpr\u00fcfung steht,<\/li>\n<li>die <strong>Abiturpr\u00fcfung<\/strong> in vier F\u00e4chern, davon zwei Leistungskursen und zwei Grundkursen, dem sogenannten Block II, an deren Ende der Erwerb der Allgemeinen Hochschulreife steht.<\/li>\n<\/ul>\n<p><strong>\u00dcbergang Klasse 10 in die Einf\u00fchrungsphase:<\/strong><\/p>\n<ul>\n<li>Informationsveranstaltung zum Aufbau der gymnasialen Oberstufe (Belegungsverpflichtungen, Abschl\u00fcsse) f\u00fcr Sch\u00fcler und Eltern<\/li>\n<li>Laufbahnberatung durch die Beratungslehrerinnen zur Belegung und F\u00e4cherwahl<\/li>\n<li>Informationsbrosch\u00fcren des Landes NRW und der Landeselternschaft, die den Sch\u00fclern zu Beginn des 2. Halbjahres der Klasse 10 zur Verf\u00fcgung gestellt werden<\/li>\n<\/ul>\n<ul>\n<li>Weiterf\u00fchrende Informationen:&nbsp;\n<ul>\n<li style=\"list-style-type: none;\">\n<ul>\n<li style=\"list-style-type: none;\">\n<ul>\n<li><a href=\"http:\/\/xn--broschren-v9a.nrw\/gymnasiale-oberstufe\/home\/#!\/Home\" target=\"_blank\" rel=\"noopener noreferrer\">Infobrosch\u00fcre Land NRW<\/a><\/li>\n<\/ul>\n<\/li>\n<\/ul>\n<\/li>\n<\/ul>\n<\/li>\n<\/ul>\n<p><strong>Jahrgangsstufe EF<\/strong><\/p>\n<ul>\n<li>Laufbahnberatung Ende des Halb- bzw. Schuljahres<\/li>\n<li>Informationsveranstaltung zur LK-Wahl und Qualifikationsphase f\u00fcr Sch\u00fcler und Eltern<\/li>\n<\/ul>\n<ul>\n<li>Weiterf\u00fchrende Informationen:\n<ul>\n<li style=\"list-style-type: none;\">\n<ul>\n<li><a href=\"https:\/\/gymnasium-odenkirchen.de\/wordpress\/wp-content\/uploads\/2021\/03\/Info-EF-f\u00fcr-Q1-\u00dcbergang-G8-2021_neu_ohneAnimation.pdf\" target=\"_blank\" rel=\"noopener noreferrer\">\u00dcbergang EF &#8211; Q1<\/a><\/li>\n<\/ul>\n<\/li>\n<\/ul>\n<p><!--\n \t\n\n<li><a href=\"https:\/\/gymnasium-odenkirchen.de\/wordpress\/wp-content\/uploads\/2021\/03\/LuPO_NRW_SV.zip\" target=\"_blank\" rel=\"noopener noreferrer\">Tool zur Laufbahnplanung \"LuPO\"<\/a><\/li>\n\n\n \t\n\n<li><a href=\"https:\/\/gymnasium-odenkirchen.de\/wordpress\/wp-content\/uploads\/2020\/04\/Wahlzettel_Q_G8_20_neu.pdf\" target=\"_blank\" rel=\"noopener noreferrer\">Wahlzettel f\u00fcr die EF zum Eintritt in die Q-Phase<\/a>&nbsp;<\/li>\n\n\n--><\/li>\n<\/ul>\n<h3><strong>Jahrgangsstufe Q1<\/strong><\/h3>\n<ul>\n<li>Informationsveranstaltung zur Facharbeit f\u00fcr Sch\u00fcler<\/li>\n<li>Laufbahnberatung Ende des Halb- bzw. Schuljahres<\/li>\n<li>Weiterf\u00fchrende Informationen:\n<ul>\n<li style=\"list-style-type: none;\">\n<ul>\n<li><a href=\"http:\/\/xn--broschren-v9a.nrw\/Praktikum_Erwerb_FHR\/home\/#!\/Home\" target=\"_blank\" rel=\"noopener noreferrer\">Infobrosch\u00fcre <em>Das Praktikum<\/em> zum <em>Erwerb der Fachhochschulreife<\/em><\/a><\/li>\n<\/ul>\n<\/li>\n<\/ul>\n<p><!---\n \t\n\n<li><a href=\"https:\/\/gymnasium-odenkirchen.de\/wordpress\/wp-content\/uploads\/2021\/03\/LuPO_NRW_SV.zip\" target=\"_blank\" rel=\"noopener noreferrer\">Tool zur Laufbahnplanung \"LuPO\"<\/a> --><\/li>\n<\/ul>\n<h3><strong>Jahrgangsstufe Q2<\/strong><\/h3>\n<ul>\n<li style=\"list-style-type: none;\">\n<ul>\n<li>Informationsveranstaltung zum Abitur (Wertung und Ablauf)<\/li>\n<li>Wahl des 3. und 4. Abiturfaches<\/li>\n<li>Individuelle Laufbahnberatung Ende des 1. Halbjahres<\/li>\n<\/ul>\n<\/li>\n<\/ul>\n<p><!--\n \t\n\n<li><a href=\"https:\/\/gymnasium-odenkirchen.de\/wordpress\/wp-content\/uploads\/2021\/03\/LuPO_NRW_SV.zip\" target=\"_blank\" rel=\"noopener noreferrer\">Tool zur Laufbahnplanung \"LuPO\"<\/a> --><\/p>\n<p>&nbsp;<br \/>\n<!--\n\n\n<h2><strong>Termine f\u00fcr das Schuljahr 2020\/21:<\/strong><\/h2>\n\n\n<strong>Jahrgangsstufe 9:<\/strong>\n\n09.03.2021: Informationsveranstaltung zum Aufbau der gymnasialen Oberstufe 9A\n\n10.03.2021: Informationsveranstaltung zum Aufbau der gymnasialen Oberstufe 9B\n\n11.03.2021: Informationsveranstaltung zum Aufbau der gymnasialen Oberstufe 9C\n\n16.03.2021 um 19 Uhr in der Aula: Informationsveranstaltung zum Aufbau der gymnasialen Oberstufe f\u00fcr Eltern --><\/p>\n<h2>Wichtige Termine und Informationen zum Download<\/h2>\n<p><strong>Jahrgangsstufe EF:&nbsp;<\/strong><\/p>\n<ul>\n<li>wichtige Termine f\u00fcr die Jahrgangsstufe EF im Schuljahr 2025\/26<\/li>\n<\/ul>\n<p><strong>Jahrgangsstufe Q1:<\/strong>&nbsp;<\/p>\n<ul>\n<li>wichtige Termine f\u00fcr die Jahrgangsstufe Q1 im Schuljahr 2025\/26<\/li>\n<\/ul>\n<p><strong>Jahrgangsstufe Q2:&nbsp;<\/strong><\/p>\n<ul>\n<li>entf\u00e4llt<\/li>\n<\/ul>\n<p>&nbsp;<\/p>\n<ul>\n<li>Fachpr\u00fcfungstermine schriftliche Abiturpr\u00fcfungen 2027<\/li>\n<li>Nachschreibtermine schriftliche Abiturpr\u00fcfungen 2027<\/li>\n<\/ul>\n","protected":false},"excerpt":{"rendered":"<p>Die gymnasiale Oberstufe (Sekundarstufe II) &nbsp; Sehr geehrte Eltern, liebe Sch\u00fclerinnen und Sch\u00fcler, Um den \u00dcbergang und die Fortsetzung einer erfolgreichen Schullaufbahn zu erm\u00f6glichen, bietet das Oberstufenteam ein breites Angebot an Beratung und Informationen. So stehen den drei Jahrgangsstufen jeweils zwei Beratungslehrer*innen zur Seite, die die Sch\u00fcler bis zum Abitur begleiten. Hierbei sind pro Schuljahr zwei Beratungstermine zum Ende des Halb- bzw. Schuljahres festgelegt, um Laufbahnfragen individuell besprechen zu k\u00f6nnen. Zudem sind sie auch wichtige Ansprechpartner, die bei weitergehenden Fragen oder Problemen zur Verf\u00fcgung stehen. Die Beratungslehrkr\u00e4fte im Schuljahr 2025\/26: Einf\u00fchrungsphase: Frau Beberok und Frau Fritsch Qualifikationsphase I: Herr Heller [&hellip;]<\/p>\n","protected":false},"author":5,"featured_media":0,"parent":0,"menu_order":0,"comment_status":"closed","ping_status":"closed","template":"","meta":{"ngg_post_thumbnail":0,"footnotes":""},"class_list":["post-3114","page","type-page","status-publish","hentry"],"_links":{"self":[{"href":"https:\/\/gymnasium-odenkirchen.de\/wordpress\/index.php?rest_route=\/wp\/v2\/pages\/3114","targetHints":{"allow":["GET"]}}],"collection":[{"href":"https:\/\/gymnasium-odenkirchen.de\/wordpress\/index.php?rest_route=\/wp\/v2\/pages"}],"about":[{"href":"https:\/\/gymnasium-odenkirchen.de\/wordpress\/index.php?rest_route=\/wp\/v2\/types\/page"}],"author":[{"embeddable":true,"href":"https:\/\/gymnasium-odenkirchen.de\/wordpress\/index.php?rest_route=\/wp\/v2\/users\/5"}],"replies":[{"embeddable":true,"href":"https:\/\/gymnasium-odenkirchen.de\/wordpress\/index.php?rest_route=%2Fwp%2Fv2%2Fcomments&post=3114"}],"version-history":[{"count":46,"href":"https:\/\/gymnasium-odenkirchen.de\/wordpress\/index.php?rest_route=\/wp\/v2\/pages\/3114\/revisions"}],"predecessor-version":[{"id":12235,"href":"https:\/\/gymnasium-odenkirchen.de\/wordpress\/index.php?rest_route=\/wp\/v2\/pages\/3114\/revisions\/12235"}],"wp:attachment":[{"href":"https:\/\/gymnasium-odenkirchen.de\/wordpress\/index.php?rest_route=%2Fwp%2Fv2%2Fmedia&parent=3114"}],"curies":[{"name":"wp","href":"https:\/\/api.w.org\/{rel}","templated":true}]}}