{"id":3120,"date":"2018-01-18T17:11:18","date_gmt":"2018-01-18T15:11:18","guid":{"rendered":"http:\/\/unterricht.gymnasium-odenkirchen.de\/wordpress\/?page_id=3120"},"modified":"2022-12-03T09:06:29","modified_gmt":"2022-12-03T07:06:29","slug":"burkina-faso","status":"publish","type":"page","link":"https:\/\/gymnasium-odenkirchen.de\/wordpress\/?page_id=3120","title":{"rendered":"Burkina Faso"},"content":{"rendered":"<p><iframe loading=\"lazy\" src=\"https:\/\/drive.google.com\/file\/d\/1qVWJcjNyQjFj-uJ1Y55hEyHJ7ASB0kMQ\/preview\" width=\"640\" height=\"480\"><\/iframe><\/p>\n<p>&nbsp;<\/p>\n<p><strong>Historie des Vereins<img loading=\"lazy\" decoding=\"async\" class=\"alignleft wp-image-9575\" src=\"https:\/\/gymnasium-odenkirchen.de\/wordpress\/wp-content\/uploads\/2022\/05\/Sch\u00fcler83.jpg\" alt=\"\" width=\"365\" height=\"270\" srcset=\"https:\/\/gymnasium-odenkirchen.de\/wordpress\/wp-content\/uploads\/2022\/05\/Sch\u00fcler83.jpg 1453w, https:\/\/gymnasium-odenkirchen.de\/wordpress\/wp-content\/uploads\/2022\/05\/Sch\u00fcler83-300x222.jpg 300w, https:\/\/gymnasium-odenkirchen.de\/wordpress\/wp-content\/uploads\/2022\/05\/Sch\u00fcler83-1024x759.jpg 1024w, https:\/\/gymnasium-odenkirchen.de\/wordpress\/wp-content\/uploads\/2022\/05\/Sch\u00fcler83-768x569.jpg 768w, https:\/\/gymnasium-odenkirchen.de\/wordpress\/wp-content\/uploads\/2022\/05\/Sch\u00fcler83-450x334.jpg 450w\" sizes=\"auto, (max-width: 365px) 100vw, 365px\" \/><\/strong><br \/>\n1983 besuchten 11 burkinische Abiturienten f\u00fcr 14 Tage den LK Franz\u00f6sisch von Herrn Coentges, zwischen 1975 und 2010 Lehrer am Gymnasiums Odenkirchen. Nach ihrer Abreise haben sich die beteiligten Sch\u00fclerinnen und Sch\u00fcler, deren Eltern und einige Lehrer des Gymnasiums zu einem Hilfsverein mit dem Ziel zusammengeschlossen, den Kontakt zu den burkinischen Sch\u00fclern aufrechtzuerhalten, in Deutschland Informationen \u00fcber Burkina Faso zu verbreiten sowie konkrete, bed\u00fcrfnisorientierte Entwicklungshilfe in den Heimatd\u00f6rfern der Gastsch\u00fcler zu leisten. (Vereinsgr\u00fcndung: 1984) Seit einigen Jahren kooperieren wir \u00fcber unsere Zweite Vorsitzende, Nicole Wellershaus, mit einem weiteren deutschen Gymnasium, dem Vikilu aus Hameln.<\/p>\n<p>&nbsp;<\/p>\n<p><strong>Hilfsprojekte<\/strong><\/p>\n<p><img loading=\"lazy\" decoding=\"async\" class=\"wp-image-9571 alignright\" src=\"https:\/\/gymnasium-odenkirchen.de\/wordpress\/wp-content\/uploads\/2022\/05\/Coll\u00e8geDez18VI-scaled.jpg\" alt=\"\" width=\"384\" height=\"216\" srcset=\"https:\/\/gymnasium-odenkirchen.de\/wordpress\/wp-content\/uploads\/2022\/05\/Coll\u00e8geDez18VI-scaled.jpg 2560w, https:\/\/gymnasium-odenkirchen.de\/wordpress\/wp-content\/uploads\/2022\/05\/Coll\u00e8geDez18VI-300x169.jpg 300w, https:\/\/gymnasium-odenkirchen.de\/wordpress\/wp-content\/uploads\/2022\/05\/Coll\u00e8geDez18VI-1024x576.jpg 1024w, https:\/\/gymnasium-odenkirchen.de\/wordpress\/wp-content\/uploads\/2022\/05\/Coll\u00e8geDez18VI-768x432.jpg 768w, https:\/\/gymnasium-odenkirchen.de\/wordpress\/wp-content\/uploads\/2022\/05\/Coll\u00e8geDez18VI-1536x864.jpg 1536w, https:\/\/gymnasium-odenkirchen.de\/wordpress\/wp-content\/uploads\/2022\/05\/Coll\u00e8geDez18VI-2048x1152.jpg 2048w, https:\/\/gymnasium-odenkirchen.de\/wordpress\/wp-content\/uploads\/2022\/05\/Coll\u00e8geDez18VI-450x253.jpg 450w\" sizes=\"auto, (max-width: 384px) 100vw, 384px\" \/><\/p>\n<p>Seit&nbsp; 1984 wurden folgende Projekte (z.T. zusammen mit dem Bundesministerium f\u00fcr wirtschaftliche Zusammenarbeit) in Burkina Faso \u2013 vor allem in Soaw (Zentrum der Unterst\u00fctzung des Vereins) \u2013 finanziert und gemeinsam mit der Unterst\u00fctzung der \u00f6rtlichen Bev\u00f6lkerung auf den Weg gebracht:<\/p>\n<p>Wasserr\u00fcckhaltebecken, Hirsespeicher, Erste-Hilfe-Stationen, Pumpstationen,&nbsp;Gartenbauprojekte, Tierzucht- und \u2013mastprojekte, eine Grundschulerweiterung, Bau und Ausbau eines C.E.G. <em>(Coll\u00e8ge d\u2019Enseignement G\u00e9n\u00e9ral<\/em>), des sp\u00e4teren <em>Lyc\u00e9e d\u00e9partemental de Soaw<\/em>, Bau eines zweiten Coll\u00e8ge (s. Foto rechts), Unterst\u00fctzung beim Kauf von Schulm\u00f6beln, B\u00fcchern, Kopierern und Drucker, Ger\u00e4tschaften f\u00fcr den Mathematik-, Biologie- und den Sportunterricht sowie einer allj\u00e4hrlich stattfindenden Auszeichnung von besonderen Sch\u00fclerleistungen, Sch\u00fclerpatenschaft (Deutsche \u00fcbernehmen f\u00fcr 1 Jahr das Schul- und B\u00fcchergeld f\u00fcr einen Sch\u00fcler).<br \/>\nSeit vielen Jahren f\u00fchren wir auch Korrespondenzprojekte&nbsp; zwischen den Sch\u00fclern zweier Gymnasien in Deutschland \u2013 dem Gymnasium Odenkirchen sowie dem Vikilu aus Hameln \u2013 und dem <em>Lyc\u00e9e d\u00e9partemental de Soaw<\/em> durch.<\/p>\n<p><strong><img loading=\"lazy\" decoding=\"async\" class=\"wp-image-9572 alignleft\" src=\"https:\/\/gymnasium-odenkirchen.de\/wordpress\/wp-content\/uploads\/2022\/05\/IMG_20191010_082952_0-scaled.jpg\" alt=\"\" width=\"410\" height=\"231\" srcset=\"https:\/\/gymnasium-odenkirchen.de\/wordpress\/wp-content\/uploads\/2022\/05\/IMG_20191010_082952_0-scaled.jpg 2560w, https:\/\/gymnasium-odenkirchen.de\/wordpress\/wp-content\/uploads\/2022\/05\/IMG_20191010_082952_0-300x169.jpg 300w, https:\/\/gymnasium-odenkirchen.de\/wordpress\/wp-content\/uploads\/2022\/05\/IMG_20191010_082952_0-1024x576.jpg 1024w, https:\/\/gymnasium-odenkirchen.de\/wordpress\/wp-content\/uploads\/2022\/05\/IMG_20191010_082952_0-768x432.jpg 768w, https:\/\/gymnasium-odenkirchen.de\/wordpress\/wp-content\/uploads\/2022\/05\/IMG_20191010_082952_0-1536x864.jpg 1536w, https:\/\/gymnasium-odenkirchen.de\/wordpress\/wp-content\/uploads\/2022\/05\/IMG_20191010_082952_0-2048x1152.jpg 2048w, https:\/\/gymnasium-odenkirchen.de\/wordpress\/wp-content\/uploads\/2022\/05\/IMG_20191010_082952_0-450x253.jpg 450w\" sizes=\"auto, (max-width: 410px) 100vw, 410px\" \/><\/strong><\/p>\n<p><strong>Betreuung der Projekte in Burkina Faso<\/strong><\/p>\n<p>Alle Projekte wurden vor Ort von Herrn Christophe Ouedraogo betreut, der bei der Sch\u00fclerbegegnungsma\u00dfnahme als begleitender burkinischer Lehrer mit in Deutschland war.<\/p>\n<p><a href=\"https:\/\/gymnasium-odenkirchen.de\/wordpress\/wp-content\/uploads\/2022\/05\/Projektbericht-Burkina-Faso-April22.pdf\" target=\"_blank\" rel=\"noopener noreferrer\">Den Projektbericht finden Sie hier.<\/a><\/p>\n<p><a href=\"https:\/\/gymnasium-odenkirchen.de\/wordpress\/wp-content\/uploads\/2022\/12\/Jahresbericht-Burkina-Faso-2022.pdf\" target=\"_blank\" rel=\"noopener\">Aktuellen Jahresbericht herunterladen.<\/a><\/p>\n<p><strong>Vereinskosten in Deutschland<\/strong><\/p>\n<p>Da die Vereinsf\u00fchrung ehrenamtlich betreut wird, entstehen au\u00dfer geringf\u00fcgigen Aufwendungen (Porto, Telefon) keine Verwaltungskosten, sodass der \u00fcberwiegende Teil der Einnahmen (Mitgliedsbeitr\u00e4ge &#8211; 20,00 \u20ac pro Jahr &#8211;&nbsp; und Spenden) den Projekten in Burkina Faso direkt zugute kommt.<\/p>\n<p style=\"text-align: right;\">&nbsp;<\/p>\n<p style=\"text-align: right;\">Helmut Coentges, Erster Vorsitzender<\/p>\n<blockquote><p><strong><em>Hilfe f\u00fcr Burkina Faso e.V.<img loading=\"lazy\" decoding=\"async\" class=\"alignleft wp-image-9570\" src=\"https:\/\/gymnasium-odenkirchen.de\/wordpress\/wp-content\/uploads\/2022\/05\/CIMG2309.jpg\" alt=\"\" width=\"309\" height=\"232\" srcset=\"https:\/\/gymnasium-odenkirchen.de\/wordpress\/wp-content\/uploads\/2022\/05\/CIMG2309.jpg 2048w, https:\/\/gymnasium-odenkirchen.de\/wordpress\/wp-content\/uploads\/2022\/05\/CIMG2309-300x225.jpg 300w, https:\/\/gymnasium-odenkirchen.de\/wordpress\/wp-content\/uploads\/2022\/05\/CIMG2309-1024x768.jpg 1024w, https:\/\/gymnasium-odenkirchen.de\/wordpress\/wp-content\/uploads\/2022\/05\/CIMG2309-768x576.jpg 768w, https:\/\/gymnasium-odenkirchen.de\/wordpress\/wp-content\/uploads\/2022\/05\/CIMG2309-1536x1152.jpg 1536w, https:\/\/gymnasium-odenkirchen.de\/wordpress\/wp-content\/uploads\/2022\/05\/CIMG2309-450x338.jpg 450w\" sizes=\"auto, (max-width: 309px) 100vw, 309px\" \/><\/em><\/strong><br \/>\nHelmut Coentges,<br \/>\nPirolweg 1<br \/>\n41189 M\u00f6nchengladbach<br \/>\nTel.: (0)2166 &#8211; 99 78 807<br \/>\nE-Mail: Hilfe-f-BurkinaF(at)t-online.de<br \/>\nSteuer-Nummer:121\/5784\/4189 vom 16.06.2021<br \/>\nBankverbindung:Volksbank M\u00f6nchengladbach eG<br \/>\nIBAN des Kto.-Inhabers: DE40310605172102924013&nbsp;<br \/>\nBIC der Volksbank: GENODED1MRB<\/p>\n<div id='gallery-1' class='gallery galleryid-3120 gallery-columns-3 gallery-size-thumbnail'><figure class='gallery-item'>\n\t\t\t<div class='gallery-icon landscape'>\n\t\t\t\t<a href='https:\/\/gymnasium-odenkirchen.de\/wordpress\/?attachment_id=9575'><img loading=\"lazy\" decoding=\"async\" width=\"150\" height=\"150\" src=\"https:\/\/gymnasium-odenkirchen.de\/wordpress\/wp-content\/uploads\/2022\/05\/Sch\u00fcler83-150x150.jpg\" class=\"attachment-thumbnail size-thumbnail\" alt=\"\" \/><\/a>\n\t\t\t<\/div><\/figure><figure class='gallery-item'>\n\t\t\t<div class='gallery-icon landscape'>\n\t\t\t\t<a href='https:\/\/gymnasium-odenkirchen.de\/wordpress\/?attachment_id=9574'><img loading=\"lazy\" decoding=\"async\" width=\"150\" height=\"150\" src=\"https:\/\/gymnasium-odenkirchen.de\/wordpress\/wp-content\/uploads\/2022\/05\/L1050475-150x150.jpg\" class=\"attachment-thumbnail size-thumbnail\" alt=\"\" \/><\/a>\n\t\t\t<\/div><\/figure><figure class='gallery-item'>\n\t\t\t<div class='gallery-icon landscape'>\n\t\t\t\t<a href='https:\/\/gymnasium-odenkirchen.de\/wordpress\/?attachment_id=9573'><img loading=\"lazy\" decoding=\"async\" width=\"150\" height=\"150\" src=\"https:\/\/gymnasium-odenkirchen.de\/wordpress\/wp-content\/uploads\/2022\/05\/IMG_20201007_143209_1-150x150.jpg\" class=\"attachment-thumbnail size-thumbnail\" alt=\"\" \/><\/a>\n\t\t\t<\/div><\/figure><figure class='gallery-item'>\n\t\t\t<div class='gallery-icon landscape'>\n\t\t\t\t<a href='https:\/\/gymnasium-odenkirchen.de\/wordpress\/?attachment_id=9572'><img loading=\"lazy\" decoding=\"async\" width=\"150\" height=\"150\" src=\"https:\/\/gymnasium-odenkirchen.de\/wordpress\/wp-content\/uploads\/2022\/05\/IMG_20191010_082952_0-150x150.jpg\" class=\"attachment-thumbnail size-thumbnail\" alt=\"\" \/><\/a>\n\t\t\t<\/div><\/figure><figure class='gallery-item'>\n\t\t\t<div class='gallery-icon landscape'>\n\t\t\t\t<a href='https:\/\/gymnasium-odenkirchen.de\/wordpress\/?attachment_id=9571'><img loading=\"lazy\" decoding=\"async\" width=\"150\" height=\"150\" src=\"https:\/\/gymnasium-odenkirchen.de\/wordpress\/wp-content\/uploads\/2022\/05\/Coll\u00e8geDez18VI-150x150.jpg\" class=\"attachment-thumbnail size-thumbnail\" alt=\"\" \/><\/a>\n\t\t\t<\/div><\/figure><figure class='gallery-item'>\n\t\t\t<div class='gallery-icon landscape'>\n\t\t\t\t<a href='https:\/\/gymnasium-odenkirchen.de\/wordpress\/?attachment_id=9570'><img loading=\"lazy\" decoding=\"async\" width=\"150\" height=\"150\" src=\"https:\/\/gymnasium-odenkirchen.de\/wordpress\/wp-content\/uploads\/2022\/05\/CIMG2309-150x150.jpg\" class=\"attachment-thumbnail size-thumbnail\" alt=\"\" \/><\/a>\n\t\t\t<\/div><\/figure>\n\t\t<\/div>\n<\/blockquote>\n<p>&nbsp;<\/p>\n","protected":false},"excerpt":{"rendered":"<p>&nbsp; Historie des Vereins 1983 besuchten 11 burkinische Abiturienten f\u00fcr 14 Tage den LK Franz\u00f6sisch von Herrn Coentges, zwischen 1975 und 2010 Lehrer am Gymnasiums Odenkirchen. Nach ihrer Abreise haben sich die beteiligten Sch\u00fclerinnen und Sch\u00fcler, deren Eltern und einige Lehrer des Gymnasiums zu einem Hilfsverein mit dem Ziel zusammengeschlossen, den Kontakt zu den burkinischen Sch\u00fclern aufrechtzuerhalten, in Deutschland Informationen \u00fcber Burkina Faso zu verbreiten sowie konkrete, bed\u00fcrfnisorientierte Entwicklungshilfe in den Heimatd\u00f6rfern der Gastsch\u00fcler zu leisten. (Vereinsgr\u00fcndung: 1984) Seit einigen Jahren kooperieren wir \u00fcber unsere Zweite Vorsitzende, Nicole Wellershaus, mit einem weiteren deutschen Gymnasium, dem Vikilu aus Hameln. &nbsp; Hilfsprojekte [&hellip;]<\/p>\n","protected":false},"author":5,"featured_media":0,"parent":0,"menu_order":0,"comment_status":"closed","ping_status":"closed","template":"","meta":{"ngg_post_thumbnail":0,"footnotes":""},"class_list":["post-3120","page","type-page","status-publish","hentry"],"_links":{"self":[{"href":"https:\/\/gymnasium-odenkirchen.de\/wordpress\/index.php?rest_route=\/wp\/v2\/pages\/3120","targetHints":{"allow":["GET"]}}],"collection":[{"href":"https:\/\/gymnasium-odenkirchen.de\/wordpress\/index.php?rest_route=\/wp\/v2\/pages"}],"about":[{"href":"https:\/\/gymnasium-odenkirchen.de\/wordpress\/index.php?rest_route=\/wp\/v2\/types\/page"}],"author":[{"embeddable":true,"href":"https:\/\/gymnasium-odenkirchen.de\/wordpress\/index.php?rest_route=\/wp\/v2\/users\/5"}],"replies":[{"embeddable":true,"href":"https:\/\/gymnasium-odenkirchen.de\/wordpress\/index.php?rest_route=%2Fwp%2Fv2%2Fcomments&post=3120"}],"version-history":[{"count":9,"href":"https:\/\/gymnasium-odenkirchen.de\/wordpress\/index.php?rest_route=\/wp\/v2\/pages\/3120\/revisions"}],"predecessor-version":[{"id":10191,"href":"https:\/\/gymnasium-odenkirchen.de\/wordpress\/index.php?rest_route=\/wp\/v2\/pages\/3120\/revisions\/10191"}],"wp:attachment":[{"href":"https:\/\/gymnasium-odenkirchen.de\/wordpress\/index.php?rest_route=%2Fwp%2Fv2%2Fmedia&parent=3120"}],"curies":[{"name":"wp","href":"https:\/\/api.w.org\/{rel}","templated":true}]}}