{"id":3129,"date":"2018-01-18T17:11:19","date_gmt":"2018-01-18T15:11:19","guid":{"rendered":"http:\/\/unterricht.gymnasium-odenkirchen.de\/wordpress\/?page_id=3129"},"modified":"2021-01-25T17:31:51","modified_gmt":"2021-01-25T15:31:51","slug":"berufsvorbereitung","status":"publish","type":"page","link":"https:\/\/gymnasium-odenkirchen.de\/wordpress\/?page_id=3129","title":{"rendered":"Berufsorientierung"},"content":{"rendered":"<h2>Berufsorientierung am Gymnasium Odenkirchen im Rahmen von Kein Abschluss ohne Anschluss (KAoA)<\/h2>\n<p>Am Gymnasium Odenkirchen wurde der Studien- und Berufsorientierung schon immer gro\u00dfe Bedeutung geschenkt. F\u00fcr unsere vorbildliche Berufs- und Studienorientierung wurden wir daher in den Jahren 2005 und 2010 mit dem Berufswahlsiegel der Stadt M\u00f6nchengladbach ausgezeichnet.<\/p>\n<p>Im Jahr 2011 beschloss die damalige Landesregierung das landeseinheitliche Programm <em>Kein Abschluss ohne Anschluss<\/em>, das alle Schulen des Landes zur Durchf\u00fchrung von Standardelementen zur Berufs- und Studienorientierung verpflichtet, um den \u00dcbergang von Schule ins Berufsleben zu verbessern. Neben den Standardelementen tr\u00e4gt nunmehr auch jedes Fach verpflichtend zur Berufs- und Studienorientierung bei. Auch au\u00dferunterrichtliche Projekte und Arbeitsgemeinschaften sollen ihren Beitrag leisten.<\/p>\n<h2>Ziele der Berufsorientierung am Gymnasium<\/h2>\n<p>Die Berufsorientierung am Gymnasium verfolgt dabei im Wesentlichen folgende Ziele:<\/p>\n<ul>\n<li>Den Sch\u00fclerinnen und Sch\u00fclern soll eine berufliche Orientierung gegeben werden.<\/li>\n<li>Die Sch\u00fclerinnen und Sch\u00fcler sollen ihre F\u00e4higkeiten und Interessen erkennen.<\/li>\n<li>Die Sch\u00fclerinnen und Sch\u00fcler erlernen das Erstellen von Bewerbungsunterlagen sowie Kenntnisse \u00fcber Einstellungstests und Bewerbungsgespr\u00e4che.<\/li>\n<li>Die Sch\u00fclerinnen und Sch\u00fcler werden im Prozess der Berufsorientierung auf dem Weg zu einer selbstst\u00e4ndigen Pers\u00f6nlichkeit von Lehrerinnen und Lehrern, Eltern, Arbeitsagentur und Kooperationspartnern gleicherma\u00dfen unterst\u00fctzt.<\/li>\n<\/ul>\n<style>.kachel { width: 150px; height: 150px; background-color:#c1d7cc; padding:5px; float:left; overflow:auto; margin:5px; text-align: center;}<br \/>.kachel h1 {font-size: 20px; text-align: center;}<br \/>.kachel img { float: left; margin:5px; }<br \/>.kachelheader { vertical-align:middle; overflow:auto;}<br \/> <\/style>\n<h2>Informationen f\u00fcr die verschiedenen Jahrgangsstufen<\/h2>\n<p><a href=\"http:\/\/gymnasium-odenkirchen.de\/wordpress\/?page_id=3130\"><\/p>\n<div class=\"kachel\">\n<h1>Klasse 8 KAoA<\/h1>\n<\/div>\n<p><\/a><\/p>\n<p><a href=\"http:\/\/gymnasium-odenkirchen.de\/wordpress\/?page_id=3131\"><\/p>\n<div class=\"kachel\">\n<h1>Klasse 9 KAoA<\/h1>\n<\/div>\n<p><\/a><\/p>\n<p><a href=\"http:\/\/gymnasium-odenkirchen.de\/wordpress\/?page_id=3132\"><\/p>\n<div class=\"kachel\">\n<h1>EF<\/h1>\n<\/div>\n<p><\/a><\/p>\n<p><a href=\"http:\/\/gymnasium-odenkirchen.de\/wordpress\/?page_id=3133\"><\/p>\n<div class=\"kachel\">\n<h1>Q1 \/ Q2<\/h1>\n<\/div>\n<p><\/a><\/p>\n<p><a href=\"https:\/\/gymnasium-odenkirchen.de\/wordpress\/?page_id=7598\"><\/p>\n<div class=\"kachel\">\n<h1>Linkliste<\/h1>\n<\/div>\n<p><\/a><\/p>\n","protected":false},"excerpt":{"rendered":"<p>Berufsorientierung am Gymnasium Odenkirchen im Rahmen von Kein Abschluss ohne Anschluss (KAoA) Am Gymnasium Odenkirchen wurde der Studien- und Berufsorientierung schon immer gro\u00dfe Bedeutung geschenkt. F\u00fcr unsere vorbildliche Berufs- und Studienorientierung wurden wir daher in den Jahren 2005 und 2010 mit dem Berufswahlsiegel der Stadt M\u00f6nchengladbach ausgezeichnet. Im Jahr 2011 beschloss die damalige Landesregierung das landeseinheitliche Programm Kein Abschluss ohne Anschluss, das alle Schulen des Landes zur Durchf\u00fchrung von Standardelementen zur Berufs- und Studienorientierung verpflichtet, um den \u00dcbergang von Schule ins Berufsleben zu verbessern. Neben den Standardelementen tr\u00e4gt nunmehr auch jedes Fach verpflichtend zur Berufs- und Studienorientierung bei. Auch au\u00dferunterrichtliche [&hellip;]<\/p>\n","protected":false},"author":5,"featured_media":0,"parent":0,"menu_order":0,"comment_status":"closed","ping_status":"closed","template":"","meta":{"ngg_post_thumbnail":0,"footnotes":""},"class_list":["post-3129","page","type-page","status-publish","hentry"],"_links":{"self":[{"href":"https:\/\/gymnasium-odenkirchen.de\/wordpress\/index.php?rest_route=\/wp\/v2\/pages\/3129","targetHints":{"allow":["GET"]}}],"collection":[{"href":"https:\/\/gymnasium-odenkirchen.de\/wordpress\/index.php?rest_route=\/wp\/v2\/pages"}],"about":[{"href":"https:\/\/gymnasium-odenkirchen.de\/wordpress\/index.php?rest_route=\/wp\/v2\/types\/page"}],"author":[{"embeddable":true,"href":"https:\/\/gymnasium-odenkirchen.de\/wordpress\/index.php?rest_route=\/wp\/v2\/users\/5"}],"replies":[{"embeddable":true,"href":"https:\/\/gymnasium-odenkirchen.de\/wordpress\/index.php?rest_route=%2Fwp%2Fv2%2Fcomments&post=3129"}],"version-history":[{"count":10,"href":"https:\/\/gymnasium-odenkirchen.de\/wordpress\/index.php?rest_route=\/wp\/v2\/pages\/3129\/revisions"}],"predecessor-version":[{"id":7600,"href":"https:\/\/gymnasium-odenkirchen.de\/wordpress\/index.php?rest_route=\/wp\/v2\/pages\/3129\/revisions\/7600"}],"wp:attachment":[{"href":"https:\/\/gymnasium-odenkirchen.de\/wordpress\/index.php?rest_route=%2Fwp%2Fv2%2Fmedia&parent=3129"}],"curies":[{"name":"wp","href":"https:\/\/api.w.org\/{rel}","templated":true}]}}