{"id":3131,"date":"2018-01-18T17:11:19","date_gmt":"2018-01-18T15:11:19","guid":{"rendered":"http:\/\/unterricht.gymnasium-odenkirchen.de\/wordpress\/?page_id=3131"},"modified":"2019-07-24T11:11:01","modified_gmt":"2019-07-24T09:11:01","slug":"klasse-9-kaoa","status":"publish","type":"page","link":"https:\/\/gymnasium-odenkirchen.de\/wordpress\/?page_id=3131","title":{"rendered":"Klasse 9 KAoA"},"content":{"rendered":"<ul>\n<li><strong>Beratung:<\/strong> Direkt zu Schuljahresbeginn findet eine Einzelberatung f\u00fcr jede\/e Sch\u00fcler\/in statt. Ziel ist ausgehend von den Erfahrungen bei den Berufsfelderkundungstagen einen klaren Plan bez\u00fcglich der Wahl eines Praktikumsplatzes zu entwickeln.<\/li>\n<\/ul>\n<p>&nbsp;<\/p>\n<ul>\n<li><strong>Elternarbeit<\/strong>: Auf den Pflegschaftsabenden wird \u00fcber die verpflichtenden BO-Bausteine informiert.<\/li>\n<\/ul>\n<p>&nbsp;<\/p>\n<ul>\n<li><strong>Sch\u00fclerbetriebspraktikum:<\/strong> Zu Beginn des zweiten Halbjahres nehmen alle Sch\u00fclerinnen und Sch\u00fcler an einem zweiw\u00f6chigen Betriebspraktikum teil. Ihre Erkenntnisse und Erfahrungen pr\u00e4sentieren die Sch\u00fclerinnen und Sch\u00fcler den Sch\u00fclern des 8. Schuljahrs am \u201ePraktikumspr\u00e4sentationstag.<\/li>\n<\/ul>\n<p>&nbsp;<\/p>\n<ul>\n<li><strong>Beratung \/ Anschlussvereinbarung: <\/strong>Kurz vor den Osterferien findet eine weitere Einzelberatung statt. Ziel ist es ein erstes Fazit zu den Erfahrungen zur Berufsorientierung zu ziehen und die weitere Perspektive f\u00fcr eine \u00fcberregionale und regionale Koordinierung von Pl\u00e4tzen in Ausbildung und Gymnasialer Oberstufe zu dokumentieren.<br \/>\nAuch m\u00f6gliche Rechercheaufgaben f\u00fcr den Besuch im Berufsinformationszentrum k\u00f6nnen vereinbart werden.<\/li>\n<\/ul>\n<p>&nbsp;<\/p>\n<ul>\n<li><strong>Besuch im Berufsinformationszentrum:<\/strong> Bei dem knapp zweist\u00fcndigen Besuch lernen die Sch\u00fclerinnen und Sch\u00fcler die R\u00e4umlichkeiten in der Bundesagentur f\u00fcr Arbeit sowie die f\u00fcr die Schule zust\u00e4ndige Berufsberaterin Frau Inderfurth kennen.<\/li>\n<\/ul>\n<p>&nbsp;<\/p>\n<ul>\n<li><strong>Laufbahnberatung zur Gymnasialen Oberstufe: <\/strong>Zu Ende des Schuljahres findet eine erste Beratung zu den Kursbelegungen in der Gymnasialen Oberstufe statt.<\/li>\n<\/ul>\n","protected":false},"excerpt":{"rendered":"<p>Beratung: Direkt zu Schuljahresbeginn findet eine Einzelberatung f\u00fcr jede\/e Sch\u00fcler\/in statt. Ziel ist ausgehend von den Erfahrungen bei den Berufsfelderkundungstagen einen klaren Plan bez\u00fcglich der Wahl eines Praktikumsplatzes zu entwickeln. &nbsp; Elternarbeit: Auf den Pflegschaftsabenden wird \u00fcber die verpflichtenden BO-Bausteine informiert. &nbsp; Sch\u00fclerbetriebspraktikum: Zu Beginn des zweiten Halbjahres nehmen alle Sch\u00fclerinnen und Sch\u00fcler an einem zweiw\u00f6chigen Betriebspraktikum teil. Ihre Erkenntnisse und Erfahrungen pr\u00e4sentieren die Sch\u00fclerinnen und Sch\u00fcler den Sch\u00fclern des 8. Schuljahrs am \u201ePraktikumspr\u00e4sentationstag. &nbsp; Beratung \/ Anschlussvereinbarung: Kurz vor den Osterferien findet eine weitere Einzelberatung statt. Ziel ist es ein erstes Fazit zu den Erfahrungen zur Berufsorientierung zu ziehen [&hellip;]<\/p>\n","protected":false},"author":5,"featured_media":0,"parent":0,"menu_order":0,"comment_status":"closed","ping_status":"closed","template":"","meta":{"ngg_post_thumbnail":0,"footnotes":""},"class_list":["post-3131","page","type-page","status-publish","hentry"],"_links":{"self":[{"href":"https:\/\/gymnasium-odenkirchen.de\/wordpress\/index.php?rest_route=\/wp\/v2\/pages\/3131","targetHints":{"allow":["GET"]}}],"collection":[{"href":"https:\/\/gymnasium-odenkirchen.de\/wordpress\/index.php?rest_route=\/wp\/v2\/pages"}],"about":[{"href":"https:\/\/gymnasium-odenkirchen.de\/wordpress\/index.php?rest_route=\/wp\/v2\/types\/page"}],"author":[{"embeddable":true,"href":"https:\/\/gymnasium-odenkirchen.de\/wordpress\/index.php?rest_route=\/wp\/v2\/users\/5"}],"replies":[{"embeddable":true,"href":"https:\/\/gymnasium-odenkirchen.de\/wordpress\/index.php?rest_route=%2Fwp%2Fv2%2Fcomments&post=3131"}],"version-history":[{"count":4,"href":"https:\/\/gymnasium-odenkirchen.de\/wordpress\/index.php?rest_route=\/wp\/v2\/pages\/3131\/revisions"}],"predecessor-version":[{"id":6245,"href":"https:\/\/gymnasium-odenkirchen.de\/wordpress\/index.php?rest_route=\/wp\/v2\/pages\/3131\/revisions\/6245"}],"wp:attachment":[{"href":"https:\/\/gymnasium-odenkirchen.de\/wordpress\/index.php?rest_route=%2Fwp%2Fv2%2Fmedia&parent=3131"}],"curies":[{"name":"wp","href":"https:\/\/api.w.org\/{rel}","templated":true}]}}