{"id":3134,"date":"2018-01-18T17:11:19","date_gmt":"2018-01-18T15:11:19","guid":{"rendered":"http:\/\/unterricht.gymnasium-odenkirchen.de\/wordpress\/?page_id=3134"},"modified":"2019-10-03T09:41:41","modified_gmt":"2019-10-03T07:41:41","slug":"partnerschaften","status":"publish","type":"page","link":"https:\/\/gymnasium-odenkirchen.de\/wordpress\/?page_id=3134","title":{"rendered":"Partnerschaften"},"content":{"rendered":"<style>.kachel { width: 150px; height: 150px; background-color:#c1d7cc; padding:5px; float:left; overflow:auto; margin:5px; text-align: center;}<br \/>.kachel h1 {font-size: 20px; text-align: center;}<br \/>.kachel img { float: left; margin:5px; }<br \/>.kachelheader { vertical-align:middle; overflow:auto;}<br \/> <\/style>\n<p><a href=\"http:\/\/gymnasium-odenkirchen.de\/wordpress\/?page_id=3135\"><\/p>\n<div class=\"kachel\">\n<h1>Schulen<\/h1>\n<\/div>\n<p><\/a><\/p>\n<p><a href=\"http:\/\/gymnasium-odenkirchen.de\/wordpress\/?page_id=3136\"><\/p>\n<div class=\"kachel\">\n<h1>Hoch-<br \/>\nschulen<\/h1>\n<\/div>\n<p><\/a><\/p>\n<div class=\"kachel\">\n<h1><\/h1>\n<\/div>\n<p><\/a><\/p>\n<div class=\"kachel\">\n<h1><\/h1>\n<\/div>\n<p><\/a><\/p>\n<div class=\"kachel\">\n<h1><\/h1>\n<\/div>\n<p><\/a><\/p>\n<p>\nSchule lebt durch den Enthusiasmus und das Engagement aller Beteiligten. Wir freuen uns besonders \u00fcber die andauernde Treue und die Spenden ehemaliger Sch\u00fclerinnen und Sch\u00fcler, die uns ihre Verbundenheit mit dem Ort, an dem sie einen wichtigen Teil ihrer Jugend verbracht haben, immer wieder beweisen.<\/p>\n<p>Eine herausgehobene Rolle spielt der <a href=\"..\/wordpress\/?page_id=3077\">F\u00f6rderverein<\/a>, dessen Mitgliedern und deren finanziellem Einsatz das Gymnasium Odenkirchen soviel zu verdanken hat. Die moderne Austattung vieler Klassenr\u00e4ume und der Bibliothek des Selbstlernzentrums beispielsweise w\u00e4re ohne den F\u00f6rderverein nicht denkbar.<\/p>\n<p>Einige Aktivit\u00e4ten unserer Schule werden durch F\u00f6rdergelder der Europ\u00e4ischen Union und anderer Institutionen erm\u00f6glicht. Dies betrifft z.B.&nbsp; das Comenius-Projekt, das Euregio-Projekt und den Austausch mit Warschau, der durch das Deutsch-Polnische Jugendwerk finanziell unterst\u00fctzt wird.<\/p>\n<p>Und schlie\u00dflich wird unsere Internetseite von der Firma GATWORKS kostenfrei gehostet und bei technischen Problemen unterst\u00fctzt.<\/p>\n","protected":false},"excerpt":{"rendered":"<p>Schulen Hoch- schulen Schule lebt durch den Enthusiasmus und das Engagement aller Beteiligten. Wir freuen uns besonders \u00fcber die andauernde Treue und die Spenden ehemaliger Sch\u00fclerinnen und Sch\u00fcler, die uns ihre Verbundenheit mit dem Ort, an dem sie einen wichtigen Teil ihrer Jugend verbracht haben, immer wieder beweisen. Eine herausgehobene Rolle spielt der F\u00f6rderverein, dessen Mitgliedern und deren finanziellem Einsatz das Gymnasium Odenkirchen soviel zu verdanken hat. Die moderne Austattung vieler Klassenr\u00e4ume und der Bibliothek des Selbstlernzentrums beispielsweise w\u00e4re ohne den F\u00f6rderverein nicht denkbar. Einige Aktivit\u00e4ten unserer Schule werden durch F\u00f6rdergelder der Europ\u00e4ischen Union und anderer Institutionen erm\u00f6glicht. Dies betrifft [&hellip;]<\/p>\n","protected":false},"author":5,"featured_media":0,"parent":0,"menu_order":0,"comment_status":"closed","ping_status":"closed","template":"","meta":{"ngg_post_thumbnail":0,"footnotes":""},"class_list":["post-3134","page","type-page","status-publish","hentry"],"_links":{"self":[{"href":"https:\/\/gymnasium-odenkirchen.de\/wordpress\/index.php?rest_route=\/wp\/v2\/pages\/3134","targetHints":{"allow":["GET"]}}],"collection":[{"href":"https:\/\/gymnasium-odenkirchen.de\/wordpress\/index.php?rest_route=\/wp\/v2\/pages"}],"about":[{"href":"https:\/\/gymnasium-odenkirchen.de\/wordpress\/index.php?rest_route=\/wp\/v2\/types\/page"}],"author":[{"embeddable":true,"href":"https:\/\/gymnasium-odenkirchen.de\/wordpress\/index.php?rest_route=\/wp\/v2\/users\/5"}],"replies":[{"embeddable":true,"href":"https:\/\/gymnasium-odenkirchen.de\/wordpress\/index.php?rest_route=%2Fwp%2Fv2%2Fcomments&post=3134"}],"version-history":[{"count":7,"href":"https:\/\/gymnasium-odenkirchen.de\/wordpress\/index.php?rest_route=\/wp\/v2\/pages\/3134\/revisions"}],"predecessor-version":[{"id":4058,"href":"https:\/\/gymnasium-odenkirchen.de\/wordpress\/index.php?rest_route=\/wp\/v2\/pages\/3134\/revisions\/4058"}],"wp:attachment":[{"href":"https:\/\/gymnasium-odenkirchen.de\/wordpress\/index.php?rest_route=%2Fwp%2Fv2%2Fmedia&parent=3134"}],"curies":[{"name":"wp","href":"https:\/\/api.w.org\/{rel}","templated":true}]}}