{"id":3198,"date":"2018-01-18T17:19:30","date_gmt":"2018-01-18T15:19:30","guid":{"rendered":"http:\/\/unterricht.gymnasium-odenkirchen.de\/wordpress\/?page_id=3198"},"modified":"2023-10-18T11:15:56","modified_gmt":"2023-10-18T09:15:56","slug":"zusatzangebot","status":"publish","type":"page","link":"https:\/\/gymnasium-odenkirchen.de\/wordpress\/?page_id=3198","title":{"rendered":"Zusatzangebot"},"content":{"rendered":"<style><span data-mce-type=\"bookmark\" style=\"display: inline-block; width: 0px; overflow: hidden; line-height: 0;\" class=\"mce_SELRES_start\">\ufeff<\/span>.kachel { width: 250px; height: 250px; background-color:#c1d7cc; padding:5px; float:left; overflow:auto; margin:5px; text-align: center;}<br \/>.kachel h1 {font-size: 20px; text-align: center;}<br \/>.kachel img { float: left; margin:5px; }<br \/>.kachelheader { vertical-align:middle; overflow:auto;}<br \/> <\/style>\n<p><img loading=\"lazy\" decoding=\"async\" class=\"size-full wp-image-567 aligncenter\" src=\"..\/\/wordpress\/wp-content\/uploads\/Logo_GO-ohne-text-gross-e1535433416816.jpg\" alt=\"\" width=\"200\" height=\"211\"><\/p>\n<div class=\"kachel\">\n<h1><a href=\"https:\/\/gymnasium-odenkirchen.de\/wordpress\/?page_id=3199\">Gesundes Fr\u00fchst\u00fcck<\/a><\/h1>\n<\/div>\n<div class=\"kachel\">\n<h1><a href=\"https:\/\/gymnasium-odenkirchen.de\/wordpress\/?page_id=3200\">Mittagessen<\/a><\/h1>\n<\/div>\n<div class=\"kachel\">\n<h1><a href=\"https:\/\/gymnasium-odenkirchen.de\/wordpress\/?page_id=3201\">\u00dcbermittags-<\/a><br \/>\n<a href=\"https:\/\/gymnasium-odenkirchen.de\/wordpress\/?page_id=3201\">betreuung<\/a><\/h1>\n<\/div>\n<div class=\"kachel\">\n<h1><a href=\"https:\/\/gymnasium-odenkirchen.de\/wordpress\/?page_id=3202\">Schlie\u00dff\u00e4cher<\/a><\/h1>\n<\/div>\n<p>&nbsp;<\/p>\n","protected":false},"excerpt":{"rendered":"<p>Gesundes Fr\u00fchst\u00fcck Mittagessen \u00dcbermittags- betreuung Schlie\u00dff\u00e4cher &nbsp;<\/p>\n","protected":false},"author":5,"featured_media":0,"parent":3112,"menu_order":0,"comment_status":"closed","ping_status":"closed","template":"","meta":{"ngg_post_thumbnail":0,"footnotes":""},"class_list":["post-3198","page","type-page","status-publish","hentry"],"_links":{"self":[{"href":"https:\/\/gymnasium-odenkirchen.de\/wordpress\/index.php?rest_route=\/wp\/v2\/pages\/3198","targetHints":{"allow":["GET"]}}],"collection":[{"href":"https:\/\/gymnasium-odenkirchen.de\/wordpress\/index.php?rest_route=\/wp\/v2\/pages"}],"about":[{"href":"https:\/\/gymnasium-odenkirchen.de\/wordpress\/index.php?rest_route=\/wp\/v2\/types\/page"}],"author":[{"embeddable":true,"href":"https:\/\/gymnasium-odenkirchen.de\/wordpress\/index.php?rest_route=\/wp\/v2\/users\/5"}],"replies":[{"embeddable":true,"href":"https:\/\/gymnasium-odenkirchen.de\/wordpress\/index.php?rest_route=%2Fwp%2Fv2%2Fcomments&post=3198"}],"version-history":[{"count":11,"href":"https:\/\/gymnasium-odenkirchen.de\/wordpress\/index.php?rest_route=\/wp\/v2\/pages\/3198\/revisions"}],"predecessor-version":[{"id":10777,"href":"https:\/\/gymnasium-odenkirchen.de\/wordpress\/index.php?rest_route=\/wp\/v2\/pages\/3198\/revisions\/10777"}],"up":[{"embeddable":true,"href":"https:\/\/gymnasium-odenkirchen.de\/wordpress\/index.php?rest_route=\/wp\/v2\/pages\/3112"}],"wp:attachment":[{"href":"https:\/\/gymnasium-odenkirchen.de\/wordpress\/index.php?rest_route=%2Fwp%2Fv2%2Fmedia&parent=3198"}],"curies":[{"name":"wp","href":"https:\/\/api.w.org\/{rel}","templated":true}]}}