{"id":3199,"date":"2018-01-18T17:19:30","date_gmt":"2018-01-18T15:19:30","guid":{"rendered":"http:\/\/unterricht.gymnasium-odenkirchen.de\/wordpress\/?page_id=3199"},"modified":"2019-02-21T18:29:56","modified_gmt":"2019-02-21T16:29:56","slug":"gesundes-fruehstueck","status":"publish","type":"page","link":"https:\/\/gymnasium-odenkirchen.de\/wordpress\/?page_id=3199","title":{"rendered":"Gesundes Fr\u00fchst\u00fcck"},"content":{"rendered":"<p>Seit dem Schuljahr 1992\/1993 wird den Sch\u00fclerinnen und Sch\u00fclern an drei Wochentagen in der ersten gro\u00dfen Pause ein vollwertiges Fr\u00fchst\u00fcck zum Selbstkostenpreis angeboten. Zur Auswahl stehen belegte Brote, Obst, Rohkost, Milch, Milchmixgetr\u00e4nke und Fruchtsaft. Um eine m\u00f6glichst gesunde Zwischenmahlzeit zu gew\u00e4hrleisten, stammen viele Zutaten aus biologischem Landbau und werden gr\u00f6\u00dftenteils in der Schule frisch zubereitet. Da die Schule keine Lehrk\u00fcche besitzt, wurde ein Klassenraum in Eigeninitiative zur K\u00fcche umgebaut. Neben diesen r\u00e4umlichen Voraussetzungen wird das Fr\u00fchst\u00fccksangebot erst durch die engagierte Mitarbeit der Eltern erm\u00f6glicht, die die Zubereitung und den Verkauf \u00fcbernommen haben. Etwa 30 M\u00fctter teilen sich derzeit die Arbeit, so da\u00df jeweils eine Gruppe alle 3 Wochen an einem Tag f\u00fcr das Vollwert-Fr\u00fchst\u00fcck verantwortlich ist. Die rege Nachfrage best\u00e4tigt die Konzeption, f\u00fcr Sch\u00fcler, die h\u00e4ufig ohne Fr\u00fchst\u00fcck zur Schule kommen, eine gesunde Alternative zu den \u00fcblichen Pausensnacks bereitzustellen.&nbsp;<\/p>\n","protected":false},"excerpt":{"rendered":"<p>Seit dem Schuljahr 1992\/1993 wird den Sch\u00fclerinnen und Sch\u00fclern an drei Wochentagen in der ersten gro\u00dfen Pause ein vollwertiges Fr\u00fchst\u00fcck zum Selbstkostenpreis angeboten. Zur Auswahl stehen belegte Brote, Obst, Rohkost, Milch, Milchmixgetr\u00e4nke und Fruchtsaft. Um eine m\u00f6glichst gesunde Zwischenmahlzeit zu gew\u00e4hrleisten, stammen viele Zutaten aus biologischem Landbau und werden gr\u00f6\u00dftenteils in der Schule frisch zubereitet. Da die Schule keine Lehrk\u00fcche besitzt, wurde ein Klassenraum in Eigeninitiative zur K\u00fcche umgebaut. Neben diesen r\u00e4umlichen Voraussetzungen wird das Fr\u00fchst\u00fccksangebot erst durch die engagierte Mitarbeit der Eltern erm\u00f6glicht, die die Zubereitung und den Verkauf \u00fcbernommen haben. Etwa 30 M\u00fctter teilen sich derzeit die Arbeit, [&hellip;]<\/p>\n","protected":false},"author":5,"featured_media":0,"parent":0,"menu_order":0,"comment_status":"closed","ping_status":"closed","template":"","meta":{"ngg_post_thumbnail":0,"footnotes":""},"class_list":["post-3199","page","type-page","status-publish","hentry"],"_links":{"self":[{"href":"https:\/\/gymnasium-odenkirchen.de\/wordpress\/index.php?rest_route=\/wp\/v2\/pages\/3199","targetHints":{"allow":["GET"]}}],"collection":[{"href":"https:\/\/gymnasium-odenkirchen.de\/wordpress\/index.php?rest_route=\/wp\/v2\/pages"}],"about":[{"href":"https:\/\/gymnasium-odenkirchen.de\/wordpress\/index.php?rest_route=\/wp\/v2\/types\/page"}],"author":[{"embeddable":true,"href":"https:\/\/gymnasium-odenkirchen.de\/wordpress\/index.php?rest_route=\/wp\/v2\/users\/5"}],"replies":[{"embeddable":true,"href":"https:\/\/gymnasium-odenkirchen.de\/wordpress\/index.php?rest_route=%2Fwp%2Fv2%2Fcomments&post=3199"}],"version-history":[{"count":5,"href":"https:\/\/gymnasium-odenkirchen.de\/wordpress\/index.php?rest_route=\/wp\/v2\/pages\/3199\/revisions"}],"predecessor-version":[{"id":5579,"href":"https:\/\/gymnasium-odenkirchen.de\/wordpress\/index.php?rest_route=\/wp\/v2\/pages\/3199\/revisions\/5579"}],"wp:attachment":[{"href":"https:\/\/gymnasium-odenkirchen.de\/wordpress\/index.php?rest_route=%2Fwp%2Fv2%2Fmedia&parent=3199"}],"curies":[{"name":"wp","href":"https:\/\/api.w.org\/{rel}","templated":true}]}}