{"id":3201,"date":"2018-01-18T17:19:30","date_gmt":"2018-01-18T15:19:30","guid":{"rendered":"http:\/\/unterricht.gymnasium-odenkirchen.de\/wordpress\/?page_id=3201"},"modified":"2023-10-25T14:45:26","modified_gmt":"2023-10-25T12:45:26","slug":"uebermittagsbetreuung","status":"publish","type":"page","link":"https:\/\/gymnasium-odenkirchen.de\/wordpress\/?page_id=3201","title":{"rendered":"\u00dcbermittagsbetreuung"},"content":{"rendered":"<p><span data-removefontsize=\"true\" data-originalcomputedfontsize=\"16\">Sch\u00fcler:innen der Jahrgangsstufen 5 bis 7 steht das Angebot der \u00dcbermittagsbetreuung offen. Diese bietet die M\u00f6glichkeit, an einem warmen <a href=\"https:\/\/gymnasium-odenkirchen.de\/wordpress\/?page_id=3200\">Mittagessen<\/a> teilzunehmen und Hausaufgaben zu erledigen, sowie verschiedene AGs und Spielangebote.<\/span><\/p>\n<p><strong>Betreuungszeiten<\/strong><\/p>\n<p>Montag bis Donnerstag: 12:50 bis 15:45 Uhr<br \/>\nFreitag: 12:50 bis 15:00 Uhr<\/p>\n<p><span data-removefontsize=\"true\" data-originalcomputedfontsize=\"16\">Zu erreichen ist die \u00dcbermittagsbetreuung unter den folgenden Mailadressen:<\/span><\/p>\n<p><span data-removefontsize=\"true\" data-originalcomputedfontsize=\"16\">Betreuerinnen: Frau Neumann und Frau Wagner<br \/>\nmittagsbetreuung.go(at)<a href=\"http:\/\/gymnasium-odenkirchen.de\/\" target=\"_blank\" rel=\"noopener\" data-saferedirecturl=\"https:\/\/www.google.com\/url?q=http:\/\/gymnasium-odenkirchen.de&amp;source=gmail&amp;ust=1697620563602000&amp;usg=AOvVaw1A5QbK-F6GVczB8xyeyZ1n\" data-removefontsize=\"true\" data-originalcomputedfontsize=\"16\">gymnasi<wbr>um-odenkirchen.de<\/a>.<\/span><\/p>\n<p><span data-removefontsize=\"true\" data-originalcomputedfontsize=\"16\">Leitung: Frau Zober&nbsp;<br \/>\n<\/span><span data-removefontsize=\"true\" data-originalcomputedfontsize=\"16\">zb(at)<a href=\"http:\/\/gymnasium-odenkirchen.de\/\" target=\"_blank\" rel=\"noopener\" data-saferedirecturl=\"https:\/\/www.google.com\/url?q=http:\/\/gymnasium-odenkirchen.de&amp;source=gmail&amp;ust=1697620563602000&amp;usg=AOvVaw1A5QbK-F6GVczB8xyeyZ1n\" data-removefontsize=\"true\" data-originalcomputedfontsize=\"16\">gymnasium-odenkirchen.de<\/a><\/span><\/p>\n<p><span data-removefontsize=\"true\" data-originalcomputedfontsize=\"16\"><br \/>\nFalls Sie die Teilnahme Ihres Kindes an der \u00dcbermittagsbetreuung w\u00fcnschen, finden Sie hier die <a href=\"https:\/\/gymnasium-odenkirchen.de\/wordpress\/wp-content\/uploads\/2023\/10\/A_bermittagsbetreuung-Anmeldung.pdf\">Anmeldung<\/a> und <a href=\"https:\/\/gymnasium-odenkirchen.de\/wordpress\/?page_id=3200\">aktuelle Speisepl\u00e4ne<\/a>.<\/span><\/p>\n","protected":false},"excerpt":{"rendered":"<p>Sch\u00fcler:innen der Jahrgangsstufen 5 bis 7 steht das Angebot der \u00dcbermittagsbetreuung offen. Diese bietet die M\u00f6glichkeit, an einem warmen Mittagessen teilzunehmen und Hausaufgaben zu erledigen, sowie verschiedene AGs und Spielangebote. Betreuungszeiten Montag bis Donnerstag: 12:50 bis 15:45 Uhr Freitag: 12:50 bis 15:00 Uhr Zu erreichen ist die \u00dcbermittagsbetreuung unter den folgenden Mailadressen: Betreuerinnen: Frau Neumann und Frau Wagner mittagsbetreuung.go(at)gymnasium-odenkirchen.de. Leitung: Frau Zober&nbsp; zb(at)gymnasium-odenkirchen.de Falls Sie die Teilnahme Ihres Kindes an der \u00dcbermittagsbetreuung w\u00fcnschen, finden Sie hier die Anmeldung und aktuelle Speisepl\u00e4ne.<\/p>\n","protected":false},"author":5,"featured_media":0,"parent":0,"menu_order":0,"comment_status":"closed","ping_status":"closed","template":"","meta":{"ngg_post_thumbnail":0,"footnotes":""},"class_list":["post-3201","page","type-page","status-publish","hentry"],"_links":{"self":[{"href":"https:\/\/gymnasium-odenkirchen.de\/wordpress\/index.php?rest_route=\/wp\/v2\/pages\/3201","targetHints":{"allow":["GET"]}}],"collection":[{"href":"https:\/\/gymnasium-odenkirchen.de\/wordpress\/index.php?rest_route=\/wp\/v2\/pages"}],"about":[{"href":"https:\/\/gymnasium-odenkirchen.de\/wordpress\/index.php?rest_route=\/wp\/v2\/types\/page"}],"author":[{"embeddable":true,"href":"https:\/\/gymnasium-odenkirchen.de\/wordpress\/index.php?rest_route=\/wp\/v2\/users\/5"}],"replies":[{"embeddable":true,"href":"https:\/\/gymnasium-odenkirchen.de\/wordpress\/index.php?rest_route=%2Fwp%2Fv2%2Fcomments&post=3201"}],"version-history":[{"count":8,"href":"https:\/\/gymnasium-odenkirchen.de\/wordpress\/index.php?rest_route=\/wp\/v2\/pages\/3201\/revisions"}],"predecessor-version":[{"id":10800,"href":"https:\/\/gymnasium-odenkirchen.de\/wordpress\/index.php?rest_route=\/wp\/v2\/pages\/3201\/revisions\/10800"}],"wp:attachment":[{"href":"https:\/\/gymnasium-odenkirchen.de\/wordpress\/index.php?rest_route=%2Fwp%2Fv2%2Fmedia&parent=3201"}],"curies":[{"name":"wp","href":"https:\/\/api.w.org\/{rel}","templated":true}]}}