{"id":3243,"date":"2018-01-18T17:26:24","date_gmt":"2018-01-18T15:26:24","guid":{"rendered":"http:\/\/unterricht.gymnasium-odenkirchen.de\/wordpress\/?page_id=3243"},"modified":"2024-09-23T06:26:23","modified_gmt":"2024-09-23T04:26:23","slug":"psychosoziale-betreuung","status":"publish","type":"page","link":"https:\/\/gymnasium-odenkirchen.de\/wordpress\/?page_id=3243","title":{"rendered":"P\u00e4dagogische Beratung"},"content":{"rendered":"<p>Schulalltag bedeutet immer wieder herausfordernden Situationen ausgesetzt zu sein. Das gilt f\u00fcr Sch\u00fclerinnen und Sch\u00fcler, aber auch f\u00fcr Eltern und Lehrende. Wenn hier Beratung ben\u00f6tigt wird, kann es hilfreich sein, das Problem zu schildern. Dadurch k\u00f6nnen Konflikte gel\u00f6st werden. Zumindest erh\u00e4lt man aber Unterst\u00fctzung in seinem Vorhaben, das jeweilige Problem anzugehen und zu bew\u00e4ltigen. Der Beratungsbereich erstreckt sich dabei von Konflikten in der Schule oder schulischen Schwierigkeiten bis hin zu individuellen Krisen.<\/p>\n<p>Neben den Klassen- bzw. Jahrgangsstufenlehrer*innen, die vor allem in der schulischen Laufbahnberatung die ersten Ansprechpartner sind, und den Sch\u00fcler*innen der SV m\u00f6chten wir \u2013 als Beratungsteam des Gymnasiums Odenkirchen \u2013 Euch bzw. Ihnen diese Beratung anbieten.<\/p>\n<p><img loading=\"lazy\" decoding=\"async\" class=\"wp-image-11539 aligncenter\" src=\"https:\/\/gymnasium-odenkirchen.de\/wordpress\/wp-content\/uploads\/2024\/09\/Beratungsteam-scaled.jpg\" alt=\"\" width=\"633\" height=\"1434\"><\/p>\n<p>Ansprechpartner:innen<\/p>\n<p>Frau Bax, Herr Cremers, Herr Okoniewski, Herr Ostkirchen und Frau Praas<\/p>\n<p>Kontakt<\/p>\n<p>beratung.go(at)gymnasium-odenkirchen.de<\/p>\n<p>Sprechstunden<\/p>\n<ul>\n<li>aktuelle Aush\u00e4nge in der Schule<\/li>\n<li>nach pers\u00f6nlicher Terminabsprache<\/li>\n<\/ul>\n","protected":false},"excerpt":{"rendered":"<p>Schulalltag bedeutet immer wieder herausfordernden Situationen ausgesetzt zu sein. Das gilt f\u00fcr Sch\u00fclerinnen und Sch\u00fcler, aber auch f\u00fcr Eltern und Lehrende. Wenn hier Beratung ben\u00f6tigt wird, kann es hilfreich sein, das Problem zu schildern. Dadurch k\u00f6nnen Konflikte gel\u00f6st werden. Zumindest erh\u00e4lt man aber Unterst\u00fctzung in seinem Vorhaben, das jeweilige Problem anzugehen und zu bew\u00e4ltigen. Der Beratungsbereich erstreckt sich dabei von Konflikten in der Schule oder schulischen Schwierigkeiten bis hin zu individuellen Krisen. Neben den Klassen- bzw. Jahrgangsstufenlehrer*innen, die vor allem in der schulischen Laufbahnberatung die ersten Ansprechpartner sind, und den Sch\u00fcler*innen der SV m\u00f6chten wir \u2013 als Beratungsteam des Gymnasiums [&hellip;]<\/p>\n","protected":false},"author":5,"featured_media":0,"parent":0,"menu_order":0,"comment_status":"closed","ping_status":"closed","template":"","meta":{"ngg_post_thumbnail":0,"footnotes":""},"class_list":["post-3243","page","type-page","status-publish","hentry"],"_links":{"self":[{"href":"https:\/\/gymnasium-odenkirchen.de\/wordpress\/index.php?rest_route=\/wp\/v2\/pages\/3243","targetHints":{"allow":["GET"]}}],"collection":[{"href":"https:\/\/gymnasium-odenkirchen.de\/wordpress\/index.php?rest_route=\/wp\/v2\/pages"}],"about":[{"href":"https:\/\/gymnasium-odenkirchen.de\/wordpress\/index.php?rest_route=\/wp\/v2\/types\/page"}],"author":[{"embeddable":true,"href":"https:\/\/gymnasium-odenkirchen.de\/wordpress\/index.php?rest_route=\/wp\/v2\/users\/5"}],"replies":[{"embeddable":true,"href":"https:\/\/gymnasium-odenkirchen.de\/wordpress\/index.php?rest_route=%2Fwp%2Fv2%2Fcomments&post=3243"}],"version-history":[{"count":13,"href":"https:\/\/gymnasium-odenkirchen.de\/wordpress\/index.php?rest_route=\/wp\/v2\/pages\/3243\/revisions"}],"predecessor-version":[{"id":11540,"href":"https:\/\/gymnasium-odenkirchen.de\/wordpress\/index.php?rest_route=\/wp\/v2\/pages\/3243\/revisions\/11540"}],"wp:attachment":[{"href":"https:\/\/gymnasium-odenkirchen.de\/wordpress\/index.php?rest_route=%2Fwp%2Fv2%2Fmedia&parent=3243"}],"curies":[{"name":"wp","href":"https:\/\/api.w.org\/{rel}","templated":true}]}}