{"id":3246,"date":"2018-01-18T17:29:00","date_gmt":"2018-01-18T15:29:00","guid":{"rendered":"http:\/\/unterricht.gymnasium-odenkirchen.de\/wordpress\/?page_id=3246"},"modified":"2025-06-17T16:42:07","modified_gmt":"2025-06-17T14:42:07","slug":"downloads","status":"publish","type":"page","link":"https:\/\/gymnasium-odenkirchen.de\/wordpress\/?page_id=3246","title":{"rendered":"Downloads"},"content":{"rendered":"<style><span data-mce-type=\"bookmark\" style=\"display: inline-block; width: 0px; overflow: hidden; line-height: 0;\" class=\"mce_SELRES_start\">\ufeff<\/span><br \/>                        .kachel { width: 260px; height: 350px; background-color:#c1d7cc; padding:5px; float:left; overflow:auto; margin:2px; }<br \/>   \t\t        .kachelheader { font-size: 20px; font-weight: bold; vertical-align:middle; overflow:auto;}<br \/>\t\t<\/style>\n<div class=\"kachel\">\n<div class=\"kachelheader\">Allgemeines:<\/div>\n<ul>\n<li><a href=\"https:\/\/gymnasium-odenkirchen.de\/wordpress\/wp-content\/uploads\/2025\/06\/Beurlaubungsantrag-PDF.pdf\">Antrag auf Beurlaubung<\/a><\/li>\n<li><a href=\"https:\/\/gymnasium-odenkirchen.de\/wordpress\/wp-content\/uploads\/2023\/05\/Schulordnung-2019_2020-Kopie.pdf\" target=\"_blank\" rel=\"noopener noreferrer\">Schulordnung&nbsp;<\/a><\/li>\n<li><a href=\"https:\/\/gymnasium-odenkirchen.de\/wordpress\/wp-content\/uploads\/2023\/08\/Nutzungsordnung-Digitale-Endgeraete.pdf\" target=\"_blank\" rel=\"noopener\">Nutzungsordnung f\u00fcr die Nutzung digitaler Endger\u00e4te<\/a><\/li>\n<\/ul>\n<\/div>\n<div class=\"kachel\">\n<div class=\"kachelheader\">Anmeldung<\/div>\n<div>&nbsp;<\/div>\n<div class=\"kachelheader\"><em>Informationen und Formulare zur Anmeldung finden Sie unter &#8222;Aktuelles&#8220;.<\/em><\/div>\n<div>&nbsp;<\/div>\n<\/div>\n<div class=\"kachel\">\n<div class=\"kachelheader\">Unterlagen und Tools f\u00fcr Sch\u00fcler*innen:<\/div>\n<ul>\n<li><a href=\"https:\/\/gymnasium-odenkirchen.de\/wordpress\/wp-content\/uploads\/2020\/04\/Wahlzettel-_EF_20_neu.pdf\">Wahlzettel EF&nbsp;<\/a><\/li>\n<li><a href=\"https:\/\/gymnasium-odenkirchen.de\/wordpress\/wp-content\/uploads\/2020\/04\/Wahlzettel_Q_G8_20_neu.pdf\">Wahlzettel Q1\/2<\/a><\/li>\n<li><a href=\"https:\/\/www.svws.nrw.de\/download\/lupo-download\">LuPO &#8211; Laufbahnplanungstool <\/a><\/li>\n<\/ul>\n<\/div>\n<div class=\"kachel\">\n<div class=\"kachelheader\">Unterlagen f\u00fcr Eltern:<\/div>\n<ul>\n<li><a href=\"http:\/\/gymnasium-odenkirchen.de\/wordpress\/wp-content\/uploads\/2018\/11\/Anschreiben-Antrag-Zuschuss-Klassenfahrt-27_9_17.pdf\">Informationen und Antrag auf Zuschuss zur Klassenfahrt (Elternkasse)<\/a><\/li>\n<\/ul>\n<\/div>\n<div class=\"kachel\">\n<div class=\"kachelheader\">F\u00f6rderverein:<\/div>\n<ul>\n<li><a href=\"http:\/\/gymnasium-odenkirchen.de\/wordpress\/wp-content\/uploads\/2019\/02\/F%C3%B6rdervereinSatzung1-1.pdf\" target=\"_blank\" rel=\"noopener noreferrer\">Satzung<\/a><\/li>\n<li><a href=\"https:\/\/gymnasium-odenkirchen.de\/wordpress\/wp-content\/uploads\/2022\/09\/MitgliedsantragFoerdervereinSept2022620.pdf\" target=\"_blank\" rel=\"noopener noreferrer\">Beitrittserkl\u00e4rung<\/a><\/li>\n<\/ul>\n<\/div>\n","protected":false},"excerpt":{"rendered":"<p>Allgemeines: Antrag auf Beurlaubung Schulordnung&nbsp; Nutzungsordnung f\u00fcr die Nutzung digitaler Endger\u00e4te Anmeldung &nbsp; Informationen und Formulare zur Anmeldung finden Sie unter &#8222;Aktuelles&#8220;. &nbsp; Unterlagen und Tools f\u00fcr Sch\u00fcler*innen: Wahlzettel EF&nbsp; Wahlzettel Q1\/2 LuPO &#8211; Laufbahnplanungstool Unterlagen f\u00fcr Eltern: Informationen und Antrag auf Zuschuss zur Klassenfahrt (Elternkasse) F\u00f6rderverein: Satzung Beitrittserkl\u00e4rung<\/p>\n","protected":false},"author":5,"featured_media":0,"parent":0,"menu_order":0,"comment_status":"closed","ping_status":"closed","template":"","meta":{"ngg_post_thumbnail":0,"footnotes":""},"class_list":["post-3246","page","type-page","status-publish","hentry"],"_links":{"self":[{"href":"https:\/\/gymnasium-odenkirchen.de\/wordpress\/index.php?rest_route=\/wp\/v2\/pages\/3246","targetHints":{"allow":["GET"]}}],"collection":[{"href":"https:\/\/gymnasium-odenkirchen.de\/wordpress\/index.php?rest_route=\/wp\/v2\/pages"}],"about":[{"href":"https:\/\/gymnasium-odenkirchen.de\/wordpress\/index.php?rest_route=\/wp\/v2\/types\/page"}],"author":[{"embeddable":true,"href":"https:\/\/gymnasium-odenkirchen.de\/wordpress\/index.php?rest_route=\/wp\/v2\/users\/5"}],"replies":[{"embeddable":true,"href":"https:\/\/gymnasium-odenkirchen.de\/wordpress\/index.php?rest_route=%2Fwp%2Fv2%2Fcomments&post=3246"}],"version-history":[{"count":40,"href":"https:\/\/gymnasium-odenkirchen.de\/wordpress\/index.php?rest_route=\/wp\/v2\/pages\/3246\/revisions"}],"predecessor-version":[{"id":12160,"href":"https:\/\/gymnasium-odenkirchen.de\/wordpress\/index.php?rest_route=\/wp\/v2\/pages\/3246\/revisions\/12160"}],"wp:attachment":[{"href":"https:\/\/gymnasium-odenkirchen.de\/wordpress\/index.php?rest_route=%2Fwp%2Fv2%2Fmedia&parent=3246"}],"curies":[{"name":"wp","href":"https:\/\/api.w.org\/{rel}","templated":true}]}}