{"id":3251,"date":"2018-01-18T17:31:50","date_gmt":"2018-01-18T15:31:50","guid":{"rendered":"http:\/\/unterricht.gymnasium-odenkirchen.de\/wordpress\/?page_id=3251"},"modified":"2021-03-17T19:06:00","modified_gmt":"2021-03-17T17:06:00","slug":"links","status":"publish","type":"page","link":"https:\/\/gymnasium-odenkirchen.de\/wordpress\/?page_id=3251","title":{"rendered":"Links"},"content":{"rendered":"<h3>Schullaufbahn:<\/h3>\n<p><a href=\"https:\/\/gymnasium-odenkirchen.de\/wordpress\/wp-content\/uploads\/2021\/03\/LuPO_NRW_SV.zip\" target=\"_blank\" rel=\"noopener noreferrer\">LuPO &#8211; Laufbahnplanungstool<\/a><\/p>\n<h3>Berusfsberatung \/Studienwahl:<\/h3>\n<p><a href=\"http:\/\/www.arbeitsagentur.de\/\" target=\"_blank\" rel=\"noopener noreferrer\">Arbeitsagentur<\/a><\/p>\n<p><a href=\"https:\/\/berufenet.arbeitsagentur.de\/\">Arbeitsagentur: Informationen zu Berufen und Berufsfeldern<\/a><\/p>\n<p><a href=\"http:\/\/www.zeit-zum-bewerben.de\/indexf.html\" target=\"_blank\" rel=\"noopener noreferrer\">Ausbildungspl\u00e4tze<\/a><\/p>\n<p><a href=\"http:\/\/www.das-neue-bafoeg.de\/\" target=\"_blank\" rel=\"noopener noreferrer\">BAf\u00f6G<\/a><\/p>\n<p><a href=\"http:\/\/www.beruf-konkret.de\/\" target=\"_blank\" rel=\"noopener noreferrer\">Beruf konkret<\/a><\/p>\n<p><a href=\"https:\/\/www.checkin-berufswelt.net\/\" target=\"_blank\" rel=\"noopener noreferrer\">Check-In Berufswelt<\/a><\/p>\n<p><a href=\"http:\/\/www.daad.de\/de\/index.html\" target=\"_blank\" rel=\"noopener noreferrer\">Deutscher Akademischer Austauschdienst<\/a><\/p>\n<p><a href=\"http:\/\/www.einstieg.com\/\" target=\"_blank\" rel=\"noopener noreferrer\">Einstieg<\/a><\/p>\n<p><a href=\"http:\/\/www.hochschulkompass.de\/\" target=\"_blank\" rel=\"noopener noreferrer\">Hochschulkompass<\/a><\/p>\n<p><a href=\"https:\/\/www.xn--jobbrse-d1a.de\/\" target=\"_blank\" rel=\"noopener noreferrer\">Jobb\u00f6rse<\/a><\/p>\n<p><a href=\"http:\/\/www.neue-ausbildungsberufe.de\/\" target=\"_blank\" rel=\"noopener noreferrer\">Neue Ausbildungsberufe<\/a><\/p>\n<p><a href=\"http:\/\/www.studienwahl.de\/fmg.htm\" target=\"_blank\" rel=\"noopener noreferrer\">Studien- und Berufswahl<\/a><\/p>\n<p><a href=\"http:\/\/www.studieren.de\/\" target=\"_blank\" rel=\"noopener noreferrer\">Studieren<\/a><\/p>\n<p><a href=\"http:\/\/www.uni-magazin.de\/\" target=\"_blank\" rel=\"noopener noreferrer\">UNI-Magazin<\/a><\/p>\n<p><a href=\"http:\/\/www.wege-ins-studium.de\/\" target=\"_blank\" rel=\"noopener noreferrer\">Wege ins Studium<\/a><\/p>\n<p><a href=\"http:\/\/www.zvs.de\/\" target=\"_blank\" rel=\"noopener noreferrer\">ZVS<\/a><\/p>\n<h3>Universit\u00e4ten und Hochschulen:<\/h3>\n<p><a href=\"http:\/\/www.rwth-aachen.de\/zrs\/v0001\/portal_studierende.html\" target=\"_blank\" rel=\"noopener noreferrer\">RWTH Aachen<\/a><\/p>\n<p><a href=\"http:\/\/www.fu-berlin.de\/studium\/\" target=\"_blank\" rel=\"noopener noreferrer\">FU Berlin<\/a><\/p>\n<p><a href=\"http:\/\/www.hu-berlin.de\/deutsch\/stu_d.htm\" target=\"_blank\" rel=\"noopener noreferrer\">Humboldt-Universit\u00e4t Berlin<\/a><\/p>\n<p><a href=\"http:\/\/www.ruhr-uni-bochum.de\/uni-profil\/studium\/index.htm\" target=\"_blank\" rel=\"noopener noreferrer\">Ruhr-Universit\u00e4t Bochum<\/a><\/p>\n<p><a href=\"http:\/\/www.unibonn.de\/Studium.html\" target=\"_blank\" rel=\"noopener noreferrer\">Uni Bonn<\/a><\/p>\n<p><a href=\"http:\/\/studienberatung.phil-fak.uni-duesseldorf.de\/\" target=\"_blank\" rel=\"noopener noreferrer\">Uni D\u00fcsseldorf<\/a><\/p>\n<p><a href=\"http:\/\/www.uni-heidelberg.de\/studium\/index.html\" target=\"_blank\" rel=\"noopener noreferrer\">Uni Heidelberg<\/a><\/p>\n<p><a href=\"http:\/\/www.uni-koeln.de\/uni\/studium.html\" target=\"_blank\" rel=\"noopener noreferrer\">Uni K\u00f6ln<\/a><\/p>\n<p><a href=\"http:\/\/www.uni-muenchen.de\/conman\/index.cfm?path=709\" target=\"_blank\" rel=\"noopener noreferrer\">Uni M\u00fcnchen<\/a><\/p>\n<p>&nbsp;<\/p>\n","protected":false},"excerpt":{"rendered":"<p>Schullaufbahn: LuPO &#8211; Laufbahnplanungstool Berusfsberatung \/Studienwahl: Arbeitsagentur Arbeitsagentur: Informationen zu Berufen und Berufsfeldern Ausbildungspl\u00e4tze BAf\u00f6G Beruf konkret Check-In Berufswelt Deutscher Akademischer Austauschdienst Einstieg Hochschulkompass Jobb\u00f6rse Neue Ausbildungsberufe Studien- und Berufswahl Studieren UNI-Magazin Wege ins Studium ZVS Universit\u00e4ten und Hochschulen: RWTH Aachen FU Berlin Humboldt-Universit\u00e4t Berlin Ruhr-Universit\u00e4t Bochum Uni Bonn Uni D\u00fcsseldorf Uni Heidelberg Uni K\u00f6ln Uni M\u00fcnchen &nbsp;<\/p>\n","protected":false},"author":5,"featured_media":0,"parent":0,"menu_order":0,"comment_status":"closed","ping_status":"closed","template":"","meta":{"ngg_post_thumbnail":0,"footnotes":""},"class_list":["post-3251","page","type-page","status-publish","hentry"],"_links":{"self":[{"href":"https:\/\/gymnasium-odenkirchen.de\/wordpress\/index.php?rest_route=\/wp\/v2\/pages\/3251","targetHints":{"allow":["GET"]}}],"collection":[{"href":"https:\/\/gymnasium-odenkirchen.de\/wordpress\/index.php?rest_route=\/wp\/v2\/pages"}],"about":[{"href":"https:\/\/gymnasium-odenkirchen.de\/wordpress\/index.php?rest_route=\/wp\/v2\/types\/page"}],"author":[{"embeddable":true,"href":"https:\/\/gymnasium-odenkirchen.de\/wordpress\/index.php?rest_route=\/wp\/v2\/users\/5"}],"replies":[{"embeddable":true,"href":"https:\/\/gymnasium-odenkirchen.de\/wordpress\/index.php?rest_route=%2Fwp%2Fv2%2Fcomments&post=3251"}],"version-history":[{"count":11,"href":"https:\/\/gymnasium-odenkirchen.de\/wordpress\/index.php?rest_route=\/wp\/v2\/pages\/3251\/revisions"}],"predecessor-version":[{"id":8402,"href":"https:\/\/gymnasium-odenkirchen.de\/wordpress\/index.php?rest_route=\/wp\/v2\/pages\/3251\/revisions\/8402"}],"wp:attachment":[{"href":"https:\/\/gymnasium-odenkirchen.de\/wordpress\/index.php?rest_route=%2Fwp%2Fv2%2Fmedia&parent=3251"}],"curies":[{"name":"wp","href":"https:\/\/api.w.org\/{rel}","templated":true}]}}