{"id":3780,"date":"2018-07-09T13:18:04","date_gmt":"2018-07-09T11:18:04","guid":{"rendered":"http:\/\/unterricht.gymnasium-odenkirchen.de\/wordpress\/?page_id=3780"},"modified":"2026-02-23T10:43:07","modified_gmt":"2026-02-23T08:43:07","slug":"anmeldung-zum-schuljahr-2026-27","status":"publish","type":"page","link":"https:\/\/gymnasium-odenkirchen.de\/wordpress\/?page_id=3780","title":{"rendered":"Anmeldung zum Schuljahr 2026\/27"},"content":{"rendered":"<p><strong>Ab sofort werden Termine f\u00fcr die Anmeldung zum Schuljahr 2026\/27 vergeben!<\/strong><\/p>\n<h3><strong>Anmeldetermine f\u00fcr das Schuljahr 2026\/27 (Sekundarstufe I):<\/strong><\/h3>\n<p>Samstag, 21.02.2026, 9.00 Uhr bis 13.00 Uhr<br \/>\nMontag, 23.02.2026, 9.00 Uhr bis 15.00 Uhr<br \/>\nDienstag, 24.02.2026, 9.00 Uhr bis 15.00 Uhr<br \/>\nMittwoch, 25.02.2026, 9.00 Uhr bis 15.00 Uhr<\/p>\n<p><strong>Bitte vereinbaren Sie vorab telefonisch einen Termin f\u00fcr die Anmeldung mit dem Sekretariat (Frau Ternes und Frau Mey) unter 02166\/969850.<\/strong><\/p>\n<p>Bitte bringen Sie zu Ihrem Gespr\u00e4chstermin <strong>folgende Unterlagen <\/strong>mit:<\/p>\n<ul>\n<li>Anmeldeschein der Grundschule in zweifacher Ausfertigung<\/li>\n<li>Geburtsurkunde<\/li>\n<li>Impfausweis mit dem Nachweis der Masernimpfung<\/li>\n<li>Grundschulgutachten mit Zeugnis<\/li>\n<\/ul>\n<ul>\n<li>Ausgef\u00fcllten Anmeldebogen (Datei als <a href=\"https:\/\/gymnasium-odenkirchen.de\/wordpress\/wp-content\/uploads\/2025\/12\/anmeldebogen-2026_2027_1.pdf\">PDF<\/a> oder <a href=\"https:\/\/gymnasium-odenkirchen.de\/wordpress\/wp-content\/uploads\/2025\/12\/anmeldebogen-2026_2027_1.docx\">Word<\/a> verf\u00fcgbar)<\/li>\n<\/ul>\n<ul>\n<li>Ausgef\u00fclltes Formular zu Foto- und Filmaufnahmen etc. (Datei als <a href=\"https:\/\/gymnasium-odenkirchen.de\/wordpress\/wp-content\/uploads\/2024\/12\/einverstaendniserklaerung_alle.pdf\">PDF<\/a> oder <a href=\"https:\/\/gymnasium-odenkirchen.de\/wordpress\/wp-content\/uploads\/2024\/12\/einverstaendniserklaerung_alle-word.docx\">Word<\/a> verf\u00fcgbar)<\/li>\n<\/ul>\n<ul>\n<li>Ausgef\u00fcllten Gesundheitsbogen (Datei als <a href=\"https:\/\/gymnasium-odenkirchen.de\/wordpress\/wp-content\/uploads\/2024\/11\/Gesundheitsbogen_Gymnasium_Odenkirchen-als-pdf-2024-11-18-10_56_29.pdf\">PDF<\/a> oder <a href=\"https:\/\/gymnasium-odenkirchen.de\/wordpress\/wp-content\/uploads\/2024\/11\/Gesundheitsbogen_Gymnasium_Odenkirchen.docx\">Word<\/a> verf\u00fcgbar)<\/li>\n<\/ul>\n<h3>&nbsp;<\/h3>\n<h3>Anmeldung zum Besuch der Oberstufe<\/h3>\n<h4>Informationen zur Anmeldung f\u00fcr die Sekundarstufe II finden Sie hier in K\u00fcrze zum Download.<\/h4>\n<p><strong>Anmeldetermine 2026\/27 (nur Oberstufe!<\/strong>)<\/p>\n<p>Samstag, 21.02.2026, 9.00 Uhr bis 13.00 Uhr<br \/>\nMontag, 23.02.2026, 13.00 Uhr bis 15.00 Uhr<br \/>\nDienstag, 24.02.2026, 13.00 Uhr bis 15.00 Uhr<br \/>\nMittwoch, 25.02.2026, 13.00 Uhr bis 15.00 Uhr<\/p>\n<p><strong>Bitte vereinbaren Sie vorab telefonisch einen Termin f\u00fcr die Anmeldung mit dem Sekretariat (Frau Ternes und Frau Mey) unter 02166\/969850.<\/strong><\/p>\n<p>Bitte bringen Sie zu Ihrem Gespr\u00e4chstermin <strong>folgende Unterlagen <\/strong>mit:<\/p>\n<ul>\n<li>Aktuelles Halbjahreszeugnis<\/li>\n<li>Ausgef\u00fcllten Anmeldebogen (Datei als <a href=\"https:\/\/gymnasium-odenkirchen.de\/wordpress\/wp-content\/uploads\/2026\/02\/Anmeldebogen-Oberstufe-2026_2027-als-pdf.pdf\">PDF<\/a> oder <a href=\"https:\/\/gymnasium-odenkirchen.de\/wordpress\/wp-content\/uploads\/2026\/02\/Anmeldebogen-Oberstufe-2026_2027.docx\">Word<\/a> verf\u00fcgbar) f\u00fcr die Oberstufe <strong>(Bitte diesen Bogen nutzen &#8211; er unterscheidet sich von dem Bogen f\u00fcr F\u00fcnftkl\u00e4ssler*innen!)<\/strong><\/li>\n<li>Abstammungsurkunde (Stammbuch)<\/li>\n<li>Ausgef\u00fcllten Gesundheitsbogen (Datei als <a href=\"https:\/\/gymnasium-odenkirchen.de\/wordpress\/wp-content\/uploads\/2024\/11\/Gesundheitsbogen_Gymnasium_Odenkirchen-als-pdf-2024-11-18-10_56_29.pdf\">PDF<\/a> oder <a href=\"https:\/\/gymnasium-odenkirchen.de\/wordpress\/wp-content\/uploads\/2024\/11\/Gesundheitsbogen_Gymnasium_Odenkirchen.docx\">Word<\/a> verf\u00fcgbar)<\/li>\n<\/ul>\n<ul>\n<li>Ausgef\u00fclltes Formular zu Foto- und Filmaufnahmen etc. (Datei als <a href=\"https:\/\/gymnasium-odenkirchen.de\/wordpress\/wp-content\/uploads\/2024\/12\/einverstaendniserklaerung_alle.pdf\">PDF<\/a> oder <a href=\"https:\/\/gymnasium-odenkirchen.de\/wordpress\/wp-content\/uploads\/2024\/12\/einverstaendniserklaerung_alle-word.docx\">Word<\/a> verf\u00fcgbar)<\/li>\n<\/ul>\n<ul>\n<li>Impfausweis mit dem Nachweis der Masernimpfung<\/li>\n<\/ul>\n","protected":false},"excerpt":{"rendered":"<p>Ab sofort werden Termine f\u00fcr die Anmeldung zum Schuljahr 2026\/27 vergeben! Anmeldetermine f\u00fcr das Schuljahr 2026\/27 (Sekundarstufe I): Samstag, 21.02.2026, 9.00 Uhr bis 13.00 Uhr Montag, 23.02.2026, 9.00 Uhr bis 15.00 Uhr Dienstag, 24.02.2026, 9.00 Uhr bis 15.00 Uhr Mittwoch, 25.02.2026, 9.00 Uhr bis 15.00 Uhr Bitte vereinbaren Sie vorab telefonisch einen Termin f\u00fcr die Anmeldung mit dem Sekretariat (Frau Ternes und Frau Mey) unter 02166\/969850. Bitte bringen Sie zu Ihrem Gespr\u00e4chstermin folgende Unterlagen mit: Anmeldeschein der Grundschule in zweifacher Ausfertigung Geburtsurkunde Impfausweis mit dem Nachweis der Masernimpfung Grundschulgutachten mit Zeugnis Ausgef\u00fcllten Anmeldebogen (Datei als PDF oder Word verf\u00fcgbar) Ausgef\u00fclltes [&hellip;]<\/p>\n","protected":false},"author":5,"featured_media":0,"parent":0,"menu_order":0,"comment_status":"closed","ping_status":"closed","template":"","meta":{"ngg_post_thumbnail":0,"footnotes":""},"class_list":["post-3780","page","type-page","status-publish","hentry"],"_links":{"self":[{"href":"https:\/\/gymnasium-odenkirchen.de\/wordpress\/index.php?rest_route=\/wp\/v2\/pages\/3780","targetHints":{"allow":["GET"]}}],"collection":[{"href":"https:\/\/gymnasium-odenkirchen.de\/wordpress\/index.php?rest_route=\/wp\/v2\/pages"}],"about":[{"href":"https:\/\/gymnasium-odenkirchen.de\/wordpress\/index.php?rest_route=\/wp\/v2\/types\/page"}],"author":[{"embeddable":true,"href":"https:\/\/gymnasium-odenkirchen.de\/wordpress\/index.php?rest_route=\/wp\/v2\/users\/5"}],"replies":[{"embeddable":true,"href":"https:\/\/gymnasium-odenkirchen.de\/wordpress\/index.php?rest_route=%2Fwp%2Fv2%2Fcomments&post=3780"}],"version-history":[{"count":110,"href":"https:\/\/gymnasium-odenkirchen.de\/wordpress\/index.php?rest_route=\/wp\/v2\/pages\/3780\/revisions"}],"predecessor-version":[{"id":12589,"href":"https:\/\/gymnasium-odenkirchen.de\/wordpress\/index.php?rest_route=\/wp\/v2\/pages\/3780\/revisions\/12589"}],"wp:attachment":[{"href":"https:\/\/gymnasium-odenkirchen.de\/wordpress\/index.php?rest_route=%2Fwp%2Fv2%2Fmedia&parent=3780"}],"curies":[{"name":"wp","href":"https:\/\/api.w.org\/{rel}","templated":true}]}}