{"id":4026,"date":"2018-08-07T11:33:53","date_gmt":"2018-08-07T09:33:53","guid":{"rendered":"http:\/\/unterricht.gymnasium-odenkirchen.de\/wordpress\/?page_id=4026"},"modified":"2018-12-15T11:44:13","modified_gmt":"2018-12-15T09:44:13","slug":"austausch","status":"publish","type":"page","link":"https:\/\/gymnasium-odenkirchen.de\/wordpress\/?page_id=4026","title":{"rendered":"Austausch"},"content":{"rendered":"<p>Austausch<br \/>\nUnsere Schule bietet mehrere Austauschprogramme mit anderen Schulen an.<\/p>\n<p>Seit \u00fcber 50 Jahren besteht der <a href=\"http:\/\/gymnasium-odenkirchen.de\/wordpress\/?page_id=4032\">Sch\u00fcleraustausch mit der franz\u00f6sischen Schule St. Joseph<\/a> in Wattrelos, einer kleinen Stadt nur wenige Kilometer von Lille entfernt an der franz\u00f6sisch-belgischen Grenze.<\/p>\n<p>Im Wechsel mit dem Frankreichaustausch finden ebenfalls alle zwei Jahre die Programme mit der<a href=\"http:\/\/unterricht.gymnasium-odenkirchen.de\/wordpress\/?page_id=4037&amp;preview=true\"> Grays Convent High School in England<\/a>&nbsp;statt.<\/p>\n<p>Vergleichsweise jung ist das <a href=\"http:\/\/gymnasium-odenkirchen.de\/wordpress\/?page_id=4039&amp;preview=true\">Austauschprogramm mit Polen<\/a>, welches allerdings auch schon seit 2009 besteht und im Schuljahr 2018\/19 zum f\u00fcnften Mal durchgef\u00fchrt wird. Jetzt sind es erstmals die Sch\u00fcler und Sch\u00fclerinnen der Stufen&nbsp; EF und Q1, die unsere Partnerschule in Warschau besuchen, um sich mit dem Nachbarland im Osten und seiner Kultur vertraut zu machen.<\/p>\n<p>Eine Besonderheit stellt unser <a href=\"http:\/\/gymnasium-odenkirchen.de\/wordpress\/?page_id=4043\">Austauschprogramm mit einem Gymnasium in Leipzig<\/a> dar.<\/p>\n","protected":false},"excerpt":{"rendered":"<p>Austausch Unsere Schule bietet mehrere Austauschprogramme mit anderen Schulen an. Seit \u00fcber 50 Jahren besteht der Sch\u00fcleraustausch mit der franz\u00f6sischen Schule St. Joseph in Wattrelos, einer kleinen Stadt nur wenige Kilometer von Lille entfernt an der franz\u00f6sisch-belgischen Grenze. Im Wechsel mit dem Frankreichaustausch finden ebenfalls alle zwei Jahre die Programme mit der Grays Convent High School in England&nbsp;statt. Vergleichsweise jung ist das Austauschprogramm mit Polen, welches allerdings auch schon seit 2009 besteht und im Schuljahr 2018\/19 zum f\u00fcnften Mal durchgef\u00fchrt wird. Jetzt sind es erstmals die Sch\u00fcler und Sch\u00fclerinnen der Stufen&nbsp; EF und Q1, die unsere Partnerschule in Warschau besuchen, [&hellip;]<\/p>\n","protected":false},"author":5,"featured_media":0,"parent":0,"menu_order":0,"comment_status":"closed","ping_status":"closed","template":"","meta":{"ngg_post_thumbnail":0,"footnotes":""},"class_list":["post-4026","page","type-page","status-publish","hentry"],"_links":{"self":[{"href":"https:\/\/gymnasium-odenkirchen.de\/wordpress\/index.php?rest_route=\/wp\/v2\/pages\/4026","targetHints":{"allow":["GET"]}}],"collection":[{"href":"https:\/\/gymnasium-odenkirchen.de\/wordpress\/index.php?rest_route=\/wp\/v2\/pages"}],"about":[{"href":"https:\/\/gymnasium-odenkirchen.de\/wordpress\/index.php?rest_route=\/wp\/v2\/types\/page"}],"author":[{"embeddable":true,"href":"https:\/\/gymnasium-odenkirchen.de\/wordpress\/index.php?rest_route=\/wp\/v2\/users\/5"}],"replies":[{"embeddable":true,"href":"https:\/\/gymnasium-odenkirchen.de\/wordpress\/index.php?rest_route=%2Fwp%2Fv2%2Fcomments&post=4026"}],"version-history":[{"count":8,"href":"https:\/\/gymnasium-odenkirchen.de\/wordpress\/index.php?rest_route=\/wp\/v2\/pages\/4026\/revisions"}],"predecessor-version":[{"id":5177,"href":"https:\/\/gymnasium-odenkirchen.de\/wordpress\/index.php?rest_route=\/wp\/v2\/pages\/4026\/revisions\/5177"}],"wp:attachment":[{"href":"https:\/\/gymnasium-odenkirchen.de\/wordpress\/index.php?rest_route=%2Fwp%2Fv2%2Fmedia&parent=4026"}],"curies":[{"name":"wp","href":"https:\/\/api.w.org\/{rel}","templated":true}]}}