{"id":4032,"date":"2018-08-07T11:38:32","date_gmt":"2018-08-07T09:38:32","guid":{"rendered":"http:\/\/unterricht.gymnasium-odenkirchen.de\/wordpress\/?page_id=4032"},"modified":"2018-08-07T11:38:32","modified_gmt":"2018-08-07T09:38:32","slug":"der-austausch-mit-frankreich","status":"publish","type":"page","link":"https:\/\/gymnasium-odenkirchen.de\/wordpress\/?page_id=4032","title":{"rendered":"Der Austausch mit Frankreich"},"content":{"rendered":"<p>Seit 50 Jahren besteht der Sch\u00fcleraustausch mit der franz\u00f6sischen Schule St. Joseph in Wattrelos, einer kleinen Stadt nur wenige Kilometer von Lille entfernt an der franz\u00f6sisch-belgischen Grenze. Im Rahmen dieses Programms fahren alle zwei Jahre Sch\u00fclerinnen und Sch\u00fcler der Jahrgangsstufen 8 und 9 nach Frankreich. Manchmal handelt es sich dabei sogar schon um Kinder, deren Eltern bereits in Wattrelos dabei gewesen sind. Dar\u00fcber hinaus nehmen die Sch\u00fcler und Kollegen \u2013 auch in den Monaten zwischen den Reisen \u2013 regen Anteil am sozialen Leben beider Einrichtungen. Besonders gefreut haben wir uns, als wir aus Anlass des 150-j\u00e4hrigen Jubil\u00e4ums unserer Schule zum wiederholten Male franz\u00f6sische S\u00e4nger und Schauspieler  in der Aula des Gymnasiums begr\u00fc\u00dfen durften.<\/p>\n<p><a href=\"http:\/\/unterricht.gymnasium-odenkirchen.de\/wordpress\/?page_id=4033\">Hier <\/a>finden Sie den Beitrag zum 50j\u00e4hrigen Jubil\u00e4um des Frankreichaustausches. <\/p>\n","protected":false},"excerpt":{"rendered":"<p>Seit 50 Jahren besteht der Sch\u00fcleraustausch mit der franz\u00f6sischen Schule St. Joseph in Wattrelos, einer kleinen Stadt nur wenige Kilometer von Lille entfernt an der franz\u00f6sisch-belgischen Grenze. Im Rahmen dieses Programms fahren alle zwei Jahre Sch\u00fclerinnen und Sch\u00fcler der Jahrgangsstufen 8 und 9 nach Frankreich. Manchmal handelt es sich dabei sogar schon um Kinder, deren Eltern bereits in Wattrelos dabei gewesen sind. Dar\u00fcber hinaus nehmen die Sch\u00fcler und Kollegen \u2013 auch in den Monaten zwischen den Reisen \u2013 regen Anteil am sozialen Leben beider Einrichtungen. Besonders gefreut haben wir uns, als wir aus Anlass des 150-j\u00e4hrigen Jubil\u00e4ums unserer Schule zum [&hellip;]<\/p>\n","protected":false},"author":5,"featured_media":0,"parent":0,"menu_order":0,"comment_status":"closed","ping_status":"closed","template":"","meta":{"ngg_post_thumbnail":0,"footnotes":""},"class_list":["post-4032","page","type-page","status-publish","hentry"],"_links":{"self":[{"href":"https:\/\/gymnasium-odenkirchen.de\/wordpress\/index.php?rest_route=\/wp\/v2\/pages\/4032","targetHints":{"allow":["GET"]}}],"collection":[{"href":"https:\/\/gymnasium-odenkirchen.de\/wordpress\/index.php?rest_route=\/wp\/v2\/pages"}],"about":[{"href":"https:\/\/gymnasium-odenkirchen.de\/wordpress\/index.php?rest_route=\/wp\/v2\/types\/page"}],"author":[{"embeddable":true,"href":"https:\/\/gymnasium-odenkirchen.de\/wordpress\/index.php?rest_route=\/wp\/v2\/users\/5"}],"replies":[{"embeddable":true,"href":"https:\/\/gymnasium-odenkirchen.de\/wordpress\/index.php?rest_route=%2Fwp%2Fv2%2Fcomments&post=4032"}],"version-history":[{"count":1,"href":"https:\/\/gymnasium-odenkirchen.de\/wordpress\/index.php?rest_route=\/wp\/v2\/pages\/4032\/revisions"}],"predecessor-version":[{"id":4035,"href":"https:\/\/gymnasium-odenkirchen.de\/wordpress\/index.php?rest_route=\/wp\/v2\/pages\/4032\/revisions\/4035"}],"wp:attachment":[{"href":"https:\/\/gymnasium-odenkirchen.de\/wordpress\/index.php?rest_route=%2Fwp%2Fv2%2Fmedia&parent=4032"}],"curies":[{"name":"wp","href":"https:\/\/api.w.org\/{rel}","templated":true}]}}