{"id":4039,"date":"2018-08-07T11:43:29","date_gmt":"2018-08-07T09:43:29","guid":{"rendered":"http:\/\/unterricht.gymnasium-odenkirchen.de\/wordpress\/?page_id=4039"},"modified":"2018-12-15T12:06:14","modified_gmt":"2018-12-15T10:06:14","slug":"polenaustausch","status":"publish","type":"page","link":"https:\/\/gymnasium-odenkirchen.de\/wordpress\/?page_id=4039","title":{"rendered":"Polenaustausch"},"content":{"rendered":"<p>Die Sch\u00fcler und Sch\u00fclerinnen der Stufen EF und Q1 haben alle zwei Jahre die Gelegenheit, unsere Partnerschule in Warschau zu besuchen, um sich mit dem Nachbarland im Osten und seiner Kultur vertraut zu machen.<br \/>\nDa die polnischen Sch\u00fclerinnen verst\u00e4rkten Deutschunterricht, u.a. im bilingualen Erdkundeunterricht, erhalten, sind ihre Deutschkenntnisse so gut, dass die Austauschpartner vom Gymnasium Odenkirchen keine Polnischkenntnisse brauchen, um an der Fahrt teilzunehmen.<\/p>\n<p>Dieses Programm wird vom Deutsch-Polnischen Jugendwerk finanziell unterst\u00fctzt.<\/p>\n<p><img loading=\"lazy\" decoding=\"async\" class=\"alignnone size-medium wp-image-5179\" src=\"http:\/\/gymnasium-odenkirchen.de\/wordpress\/wp-content\/uploads\/2018\/12\/logo_pnwm_pion_RGB-300x165.jpg\" alt=\"\" width=\"300\" height=\"165\" srcset=\"https:\/\/gymnasium-odenkirchen.de\/wordpress\/wp-content\/uploads\/2018\/12\/logo_pnwm_pion_RGB-300x165.jpg 300w, https:\/\/gymnasium-odenkirchen.de\/wordpress\/wp-content\/uploads\/2018\/12\/logo_pnwm_pion_RGB-768x421.jpg 768w, https:\/\/gymnasium-odenkirchen.de\/wordpress\/wp-content\/uploads\/2018\/12\/logo_pnwm_pion_RGB-1024x562.jpg 1024w, https:\/\/gymnasium-odenkirchen.de\/wordpress\/wp-content\/uploads\/2018\/12\/logo_pnwm_pion_RGB-450x247.jpg 450w, https:\/\/gymnasium-odenkirchen.de\/wordpress\/wp-content\/uploads\/2018\/12\/logo_pnwm_pion_RGB.jpg 1793w\" sizes=\"auto, (max-width: 300px) 100vw, 300px\" \/><\/p>\n<p><a href=\"http:\/\/gymnasium-odenkirchen.de\/wordpress\/?p=4988\">Hier<\/a> finden Sie den diesj\u00e4hrigen Bericht \u00fcber den Besuch der polnischen Sch\u00fcler in Deutschland.<\/p>\n","protected":false},"excerpt":{"rendered":"<p>Die Sch\u00fcler und Sch\u00fclerinnen der Stufen EF und Q1 haben alle zwei Jahre die Gelegenheit, unsere Partnerschule in Warschau zu besuchen, um sich mit dem Nachbarland im Osten und seiner Kultur vertraut zu machen. Da die polnischen Sch\u00fclerinnen verst\u00e4rkten Deutschunterricht, u.a. im bilingualen Erdkundeunterricht, erhalten, sind ihre Deutschkenntnisse so gut, dass die Austauschpartner vom Gymnasium Odenkirchen keine Polnischkenntnisse brauchen, um an der Fahrt teilzunehmen. Dieses Programm wird vom Deutsch-Polnischen Jugendwerk finanziell unterst\u00fctzt. Hier finden Sie den diesj\u00e4hrigen Bericht \u00fcber den Besuch der polnischen Sch\u00fcler in Deutschland.<\/p>\n","protected":false},"author":5,"featured_media":0,"parent":0,"menu_order":0,"comment_status":"closed","ping_status":"closed","template":"","meta":{"ngg_post_thumbnail":0,"footnotes":""},"class_list":["post-4039","page","type-page","status-publish","hentry"],"_links":{"self":[{"href":"https:\/\/gymnasium-odenkirchen.de\/wordpress\/index.php?rest_route=\/wp\/v2\/pages\/4039","targetHints":{"allow":["GET"]}}],"collection":[{"href":"https:\/\/gymnasium-odenkirchen.de\/wordpress\/index.php?rest_route=\/wp\/v2\/pages"}],"about":[{"href":"https:\/\/gymnasium-odenkirchen.de\/wordpress\/index.php?rest_route=\/wp\/v2\/types\/page"}],"author":[{"embeddable":true,"href":"https:\/\/gymnasium-odenkirchen.de\/wordpress\/index.php?rest_route=\/wp\/v2\/users\/5"}],"replies":[{"embeddable":true,"href":"https:\/\/gymnasium-odenkirchen.de\/wordpress\/index.php?rest_route=%2Fwp%2Fv2%2Fcomments&post=4039"}],"version-history":[{"count":5,"href":"https:\/\/gymnasium-odenkirchen.de\/wordpress\/index.php?rest_route=\/wp\/v2\/pages\/4039\/revisions"}],"predecessor-version":[{"id":5180,"href":"https:\/\/gymnasium-odenkirchen.de\/wordpress\/index.php?rest_route=\/wp\/v2\/pages\/4039\/revisions\/5180"}],"wp:attachment":[{"href":"https:\/\/gymnasium-odenkirchen.de\/wordpress\/index.php?rest_route=%2Fwp%2Fv2%2Fmedia&parent=4039"}],"curies":[{"name":"wp","href":"https:\/\/api.w.org\/{rel}","templated":true}]}}