{"id":4554,"date":"2018-10-04T18:59:47","date_gmt":"2018-10-04T16:59:47","guid":{"rendered":"http:\/\/gymnasium-odenkirchen.de\/wordpress\/?page_id=4554"},"modified":"2021-05-02T16:14:13","modified_gmt":"2021-05-02T14:14:13","slug":"auschwitz","status":"publish","type":"page","link":"https:\/\/gymnasium-odenkirchen.de\/wordpress\/?page_id=4554","title":{"rendered":"Das Auschwitz-Projekt \u201eVergangenheit, die nie vergeht\u201c"},"content":{"rendered":"<p><img loading=\"lazy\" decoding=\"async\" class=\"alignleft size-medium wp-image-4559\" src=\"http:\/\/gymnasium-odenkirchen.de\/wordpress\/wp-content\/uploads\/2018\/10\/20180221_081900-300x225.jpg\" alt=\"\" width=\"300\" height=\"225\" srcset=\"https:\/\/gymnasium-odenkirchen.de\/wordpress\/wp-content\/uploads\/2018\/10\/20180221_081900-300x225.jpg 300w, https:\/\/gymnasium-odenkirchen.de\/wordpress\/wp-content\/uploads\/2018\/10\/20180221_081900-768x576.jpg 768w, https:\/\/gymnasium-odenkirchen.de\/wordpress\/wp-content\/uploads\/2018\/10\/20180221_081900-1024x768.jpg 1024w, https:\/\/gymnasium-odenkirchen.de\/wordpress\/wp-content\/uploads\/2018\/10\/20180221_081900-450x338.jpg 450w\" sizes=\"auto, (max-width: 300px) 100vw, 300px\" \/><\/p>\n<p>Unter dem Projekttitel\u00a0\u201eVergangenheit, die nie vergeht\u201c bildet sich in jedem Jahr eine neue Gruppe, die eine f\u00fcnft\u00e4gige Studienfahrt nach Oswiecim in Polen unternimmt. Zentrales Thema dieser Fahrt ist der Besuch der Gedenkst\u00e4tte des ehemaligen Konzentrationslagers Auschwitz. Teilnehmen k\u00f6nnen alle interessierten Sch\u00fclerinnen und Sch\u00fcler der Jahrgangsstufe Q2.<\/p>\n<p>Das Programm vor Ort gestaltet sich sehr vielf\u00e4ltig: Sowohl das ehemalige Stammlager Auschwitz I als auch das ehemalige Vernichtungslager\u00a0Auschwitz-Birkenau werden besucht. Au\u00dferdem wird die neu er\u00f6ffnete Synagoge von Oswiecim besichtigt. Einen Tag verbringt die Reisegruppe in der 60 Kilometer entfernten Stadt Krakau.<\/p>\n<p><img loading=\"lazy\" decoding=\"async\" class=\"size-medium wp-image-4560 alignright\" src=\"http:\/\/gymnasium-odenkirchen.de\/wordpress\/wp-content\/uploads\/2018\/10\/20180221_095645-e1538672597487-225x300.jpg\" alt=\"\" width=\"225\" height=\"300\" srcset=\"https:\/\/gymnasium-odenkirchen.de\/wordpress\/wp-content\/uploads\/2018\/10\/20180221_095645-e1538672597487-225x300.jpg 225w, https:\/\/gymnasium-odenkirchen.de\/wordpress\/wp-content\/uploads\/2018\/10\/20180221_095645-e1538672597487-768x1024.jpg 768w, https:\/\/gymnasium-odenkirchen.de\/wordpress\/wp-content\/uploads\/2018\/10\/20180221_095645-e1538672597487-450x600.jpg 450w\" sizes=\"auto, (max-width: 225px) 100vw, 225px\" \/><\/p>\n<p>Voraussetzung f\u00fcr die Teilnahme an diesem Projekt ist die Bereitschaft zur aktiven Vor- und Nachbereitung der Fahrt. Dazu erhalten alle beteiligten Sch\u00fclerinnen und Sch\u00fcler eine eigene Aufgabe. Sei es die Erstellung einer Dokumentation, die Anfertigung und Durchf\u00fchrung von Pr\u00e4sentationen oder auch die Produktion eines Filmes nach der Fahrt.<\/p>\n<p><img loading=\"lazy\" decoding=\"async\" class=\"alignleft size-medium wp-image-4561\" src=\"http:\/\/gymnasium-odenkirchen.de\/wordpress\/wp-content\/uploads\/2018\/10\/20180222_110342-e1538672585729-225x300.jpg\" alt=\"\" width=\"225\" height=\"300\" srcset=\"https:\/\/gymnasium-odenkirchen.de\/wordpress\/wp-content\/uploads\/2018\/10\/20180222_110342-e1538672585729-225x300.jpg 225w, https:\/\/gymnasium-odenkirchen.de\/wordpress\/wp-content\/uploads\/2018\/10\/20180222_110342-e1538672585729-768x1024.jpg 768w, https:\/\/gymnasium-odenkirchen.de\/wordpress\/wp-content\/uploads\/2018\/10\/20180222_110342-e1538672585729-450x600.jpg 450w\" sizes=\"auto, (max-width: 225px) 100vw, 225px\" \/><\/p>\n<p>Wir wollen mit dieser Projektfahrt unseren Sch\u00fclerinnen und Sch\u00fclern die M\u00f6glichkeit geben, sich an historischen Lernorten mit dem Holocaust auseinanderzusetzen und ihnen auf diese Weise ein tieferes Verst\u00e4ndnis erm\u00f6glichen. Gem\u00e4\u00df unserem Leitsatz \u201eWir leben gemeinsam demokratische Werte, damit wir unsere Gesellschaft aktiv mitgestalten k\u00f6nnen\u201c sind wir der\u00a0\u00dcberzeugung, dass der Einsatz f\u00fcr die Demokratie und ihre Werte nur durch die verstehende Auseinandersetzung mit der Vergangenheit erfolgen kann.<\/p>\n<p>Finanziell gef\u00f6rdert wird die Fahrt durch den F\u00f6rderverein unserer Schule und durch die Bezirksregierung D\u00fcsseldorf.<\/p>\n<p>2018 wurde das Gymnasium Odenkirchen im Rahmen des <a href=\"https:\/\/gymnasium-odenkirchen.de\/wordpress\/?p=5386\">Bundeswettbewerbs \u201edenkt@g\u201c<\/a>\u00a0 der Konrad-Adenauer-Stiftung f\u00fcr dieses besondere Projekt ausgezeichnet.<\/p>\n<p><a href=\"http:\/\/archiv.denktag.de\/vergangenheitdienichtvergeht\/\" target=\"_blank\" rel=\"noopener noreferrer\">Hier geht es zum Projekttagebuch der Auschwitz-Fahrt der Q2 2018.<\/a><\/p>\n","protected":false},"excerpt":{"rendered":"<p>Unter dem Projekttitel\u00a0\u201eVergangenheit, die nie vergeht\u201c bildet sich in jedem Jahr eine neue Gruppe, die eine f\u00fcnft\u00e4gige Studienfahrt nach Oswiecim in Polen unternimmt. Zentrales Thema dieser Fahrt ist der Besuch der Gedenkst\u00e4tte des ehemaligen Konzentrationslagers Auschwitz. Teilnehmen k\u00f6nnen alle interessierten Sch\u00fclerinnen und Sch\u00fcler der Jahrgangsstufe Q2. Das Programm vor Ort gestaltet sich sehr vielf\u00e4ltig: Sowohl das ehemalige Stammlager Auschwitz I als auch das ehemalige Vernichtungslager\u00a0Auschwitz-Birkenau werden besucht. Au\u00dferdem wird die neu er\u00f6ffnete Synagoge von Oswiecim besichtigt. Einen Tag verbringt die Reisegruppe in der 60 Kilometer entfernten Stadt Krakau. Voraussetzung f\u00fcr die Teilnahme an diesem Projekt ist die Bereitschaft zur aktiven [&hellip;]<\/p>\n","protected":false},"author":5,"featured_media":0,"parent":0,"menu_order":0,"comment_status":"closed","ping_status":"closed","template":"","meta":{"ngg_post_thumbnail":0,"footnotes":""},"class_list":["post-4554","page","type-page","status-publish","hentry"],"_links":{"self":[{"href":"https:\/\/gymnasium-odenkirchen.de\/wordpress\/index.php?rest_route=\/wp\/v2\/pages\/4554","targetHints":{"allow":["GET"]}}],"collection":[{"href":"https:\/\/gymnasium-odenkirchen.de\/wordpress\/index.php?rest_route=\/wp\/v2\/pages"}],"about":[{"href":"https:\/\/gymnasium-odenkirchen.de\/wordpress\/index.php?rest_route=\/wp\/v2\/types\/page"}],"author":[{"embeddable":true,"href":"https:\/\/gymnasium-odenkirchen.de\/wordpress\/index.php?rest_route=\/wp\/v2\/users\/5"}],"replies":[{"embeddable":true,"href":"https:\/\/gymnasium-odenkirchen.de\/wordpress\/index.php?rest_route=%2Fwp%2Fv2%2Fcomments&post=4554"}],"version-history":[{"count":11,"href":"https:\/\/gymnasium-odenkirchen.de\/wordpress\/index.php?rest_route=\/wp\/v2\/pages\/4554\/revisions"}],"predecessor-version":[{"id":8467,"href":"https:\/\/gymnasium-odenkirchen.de\/wordpress\/index.php?rest_route=\/wp\/v2\/pages\/4554\/revisions\/8467"}],"wp:attachment":[{"href":"https:\/\/gymnasium-odenkirchen.de\/wordpress\/index.php?rest_route=%2Fwp%2Fv2%2Fmedia&parent=4554"}],"curies":[{"name":"wp","href":"https:\/\/api.w.org\/{rel}","templated":true}]}}