{"id":4860,"date":"2018-11-03T09:01:50","date_gmt":"2018-11-03T07:01:50","guid":{"rendered":"http:\/\/gymnasium-odenkirchen.de\/wordpress\/?page_id=4860"},"modified":"2018-11-03T09:07:04","modified_gmt":"2018-11-03T07:07:04","slug":"elternkasse","status":"publish","type":"page","link":"https:\/\/gymnasium-odenkirchen.de\/wordpress\/?page_id=4860","title":{"rendered":"Elternkasse"},"content":{"rendered":"<p>Schon seit sehr langer Zeit, noch vor der Gr\u00fcndung des F\u00f6rdervereins, gibt es an unserer Schule die Elternkasse.&nbsp; Dieses Geld wird ben\u00f6tigt um Klassenfahrten f\u00fcr finanziell schwache Sch\u00fcler und Sch\u00fclerinnen zu erm\u00f6glichen, den Mitgliedsbeitrag in der Landeselternschaft (1 \u20ac pro Sch\u00fcler) zu finanzieren und Kosten f\u00fcr Blumen, Kr\u00e4nze und Karten zu decken.<\/p>\n<p>Dieser Betrag, die sogenannte Elternspende ist freiwillig. Hier kann und sollte jede Familie einen Beitrag leisten. Vorgeschlagen sind 10 \u20ac pro Schuljahr, nach oben sind keine Grenzen gesetzt.<\/p>\n<p>Um Kontogeb\u00fchren zu sparen, m\u00f6chten wir Sie bitten den Betrag m\u00f6glichst bar w\u00e4hrend der 1. Klassenpflegschaftssitzung an ihren Klassenlehrer*in\/Tutor*in zu spenden oder bei Abwesenheit am Klassenpflegschaftsabend ihrem Kind f\u00fcr den Klassenlehrer*in\/Tutor*in mitzugeben.<\/p>\n<p>F\u00fcr alle diejenigen, die dennoch eine Bankverbindung bevorzugen:<\/p>\n<p>Stadtsparkasse M\u00f6nchengladbach&nbsp;&nbsp;&nbsp;&nbsp; IBAN:&nbsp; DE 65 3105 0000 0004 6908 30<\/p>\n<p>&nbsp; &nbsp; &nbsp; &nbsp; &nbsp; &nbsp; &nbsp; &nbsp; &nbsp; &nbsp; &nbsp; &nbsp; &nbsp; &nbsp; &nbsp; &nbsp; &nbsp; &nbsp; &nbsp; &nbsp; &nbsp; &nbsp; &nbsp; &nbsp; &nbsp; &nbsp; &nbsp; &nbsp; &nbsp; &nbsp; &nbsp; &nbsp; &nbsp; &nbsp;BIC:&nbsp; MGLSDE33<\/p>\n<p>Beg\u00fcnstigter: Ruth Engels<\/p>\n<p>Stichwort: Elternbeitrag, Schuljahr, Name des Kindes\/der Kinder,&nbsp;Klasse*n\/ Kurs*e<\/p>\n<p>&nbsp;<\/p>\n<p><a href=\"http:\/\/gymnasium-odenkirchen.de\/wordpress\/wp-content\/uploads\/2018\/11\/Anschreiben-Antrag-Zuschuss-Klassenfahrt-27_9_17.pdf\">Informationen und das Antragsformular zur Beantragung eines Zuschusses zu einer Klassenfahrt finden Sie hier.&nbsp;<\/a><\/p>\n","protected":false},"excerpt":{"rendered":"<p>Schon seit sehr langer Zeit, noch vor der Gr\u00fcndung des F\u00f6rdervereins, gibt es an unserer Schule die Elternkasse.&nbsp; Dieses Geld wird ben\u00f6tigt um Klassenfahrten f\u00fcr finanziell schwache Sch\u00fcler und Sch\u00fclerinnen zu erm\u00f6glichen, den Mitgliedsbeitrag in der Landeselternschaft (1 \u20ac pro Sch\u00fcler) zu finanzieren und Kosten f\u00fcr Blumen, Kr\u00e4nze und Karten zu decken. Dieser Betrag, die sogenannte Elternspende ist freiwillig. Hier kann und sollte jede Familie einen Beitrag leisten. Vorgeschlagen sind 10 \u20ac pro Schuljahr, nach oben sind keine Grenzen gesetzt. Um Kontogeb\u00fchren zu sparen, m\u00f6chten wir Sie bitten den Betrag m\u00f6glichst bar w\u00e4hrend der 1. Klassenpflegschaftssitzung an ihren Klassenlehrer*in\/Tutor*in zu [&hellip;]<\/p>\n","protected":false},"author":5,"featured_media":0,"parent":0,"menu_order":0,"comment_status":"closed","ping_status":"closed","template":"","meta":{"ngg_post_thumbnail":0,"footnotes":""},"class_list":["post-4860","page","type-page","status-publish","hentry"],"_links":{"self":[{"href":"https:\/\/gymnasium-odenkirchen.de\/wordpress\/index.php?rest_route=\/wp\/v2\/pages\/4860","targetHints":{"allow":["GET"]}}],"collection":[{"href":"https:\/\/gymnasium-odenkirchen.de\/wordpress\/index.php?rest_route=\/wp\/v2\/pages"}],"about":[{"href":"https:\/\/gymnasium-odenkirchen.de\/wordpress\/index.php?rest_route=\/wp\/v2\/types\/page"}],"author":[{"embeddable":true,"href":"https:\/\/gymnasium-odenkirchen.de\/wordpress\/index.php?rest_route=\/wp\/v2\/users\/5"}],"replies":[{"embeddable":true,"href":"https:\/\/gymnasium-odenkirchen.de\/wordpress\/index.php?rest_route=%2Fwp%2Fv2%2Fcomments&post=4860"}],"version-history":[{"count":4,"href":"https:\/\/gymnasium-odenkirchen.de\/wordpress\/index.php?rest_route=\/wp\/v2\/pages\/4860\/revisions"}],"predecessor-version":[{"id":4866,"href":"https:\/\/gymnasium-odenkirchen.de\/wordpress\/index.php?rest_route=\/wp\/v2\/pages\/4860\/revisions\/4866"}],"wp:attachment":[{"href":"https:\/\/gymnasium-odenkirchen.de\/wordpress\/index.php?rest_route=%2Fwp%2Fv2%2Fmedia&parent=4860"}],"curies":[{"name":"wp","href":"https:\/\/api.w.org\/{rel}","templated":true}]}}