{"id":5918,"date":"2019-06-03T08:08:29","date_gmt":"2019-06-03T06:08:29","guid":{"rendered":"http:\/\/gymnasium-odenkirchen.de\/wordpress\/?page_id=5918"},"modified":"2019-06-03T08:08:29","modified_gmt":"2019-06-03T06:08:29","slug":"leitsaetze","status":"publish","type":"page","link":"https:\/\/gymnasium-odenkirchen.de\/wordpress\/?page_id=5918","title":{"rendered":"Leits\u00e4tze"},"content":{"rendered":"<style>\n.kachel { width: 250px; height: 600px; background-color:#c1d7cc; padding:3px; float:left; overflow:auto; margin:2px; }<br \/>.kachel h1 {font-size: 20px; }<br \/>.kachel img { float: left; margin:5px; }<br \/>.kachelheader { vertical-align:middle; overflow:auto;}<br \/><\/style>\n<div class=\"kachelheader\"><center><\/p>\n<h1>Gymnasium Odenkirchen<\/h1>\n<p>&nbsp;<\/p>\n<p><\/center><\/div>\n<div class=\"kachel\">\n<div class=\"kachelheader\"><center><\/p>\n<h1>Miteinander<\/h1>\n<p>&nbsp;<\/p>\n<p><\/center><\/div>\n<ul>\n<li>Wir gestalten unser Schulleben im konstruktiven Austausch miteinander, indem Sch\u00fcler, Eltern und Lehrer sich positiv einbringen.<\/li>\n<\/ul>\n<p>&nbsp;<\/p>\n<ul>\n<li>Wir f\u00f6rdern unsere Sch\u00fclerinnen und Sch\u00fcler, zunehmend selbstst\u00e4ndig und eigenverantwortlich zu handeln.<\/li>\n<\/ul>\n<p>&nbsp;<\/p>\n<ul>\n<li>Wir leben gemeinsam demokratische Werte, damit wir unsere Gesellschaft aktiv mitgestalten k\u00f6nnen.<\/li>\n<\/ul>\n<\/div>\n<div class=\"kachel\">\n<div class=\"kachelheader\"><center><\/p>\n<h1>F\u00fcreinander<\/h1>\n<p>&nbsp;<\/p>\n<p><\/center><\/div>\n<ul>\n<li>Wir schaffen gemeinsam eine Atmosph\u00e4re, in der sich alle entfalten und wohlf\u00fchlen k\u00f6nnen.<\/li>\n<\/ul>\n<p>&nbsp;<\/p>\n<ul>\n<li>Wir leben in unserer Schule ein freundliches und respektvolles Miteinander.<\/li>\n<\/ul>\n<p>&nbsp;<\/p>\n<ul>\n<li>Wir stehen f\u00fcreinander ein, indem wir uns im Schulalltag gegenseitig unterst\u00fctzen.<\/li>\n<\/ul>\n<\/div>\n<div class=\"kachel\">\n<div class=\"kachelheader\"><center><\/p>\n<h1>Lernen<\/h1>\n<p>&nbsp;<\/p>\n<p><\/center><\/div>\n<ul>\n<li>Wir stehen f\u00fcr einen fachlich fundierten Unterricht, der sich an den St\u00e4rken und Schw\u00e4chen unserer Sch\u00fcler orientiert, und unterst\u00fctzen sie dabei durch pers\u00f6nliche Begleitung und Beratung.<\/li>\n<\/ul>\n<p>&nbsp;<\/p>\n<ul>\n<li>Wir vertreten einen Bildungsbegriff, der neben der Vermittlung von fachlichen Inhalten gleicherma\u00dfen die individuelle Pers\u00f6nlichkeitsbildung der Lernenden zum Ziel hat.<\/li>\n<\/ul>\n<p>&nbsp;<\/p>\n<ul>\n<li>Wir bieten au\u00dferunterrichtlich vielf\u00e4ltige M\u00f6glichkeiten, in die Sch\u00fclerinnen und Sch\u00fcler ihre Interessen einbringen und diese vertiefen oder neu entdecken k\u00f6nnen.<\/li>\n<\/ul>\n<\/div>\n","protected":false},"excerpt":{"rendered":"<p>Gymnasium Odenkirchen &nbsp; Miteinander &nbsp; Wir gestalten unser Schulleben im konstruktiven Austausch miteinander, indem Sch\u00fcler, Eltern und Lehrer sich positiv einbringen. &nbsp; Wir f\u00f6rdern unsere Sch\u00fclerinnen und Sch\u00fcler, zunehmend selbstst\u00e4ndig und eigenverantwortlich zu handeln. &nbsp; Wir leben gemeinsam demokratische Werte, damit wir unsere Gesellschaft aktiv mitgestalten k\u00f6nnen. F\u00fcreinander &nbsp; Wir schaffen gemeinsam eine Atmosph\u00e4re, in der sich alle entfalten und wohlf\u00fchlen k\u00f6nnen. &nbsp; Wir leben in unserer Schule ein freundliches und respektvolles Miteinander. &nbsp; Wir stehen f\u00fcreinander ein, indem wir uns im Schulalltag gegenseitig unterst\u00fctzen. Lernen &nbsp; Wir stehen f\u00fcr einen fachlich fundierten Unterricht, der sich an den St\u00e4rken und [&hellip;]<\/p>\n","protected":false},"author":5,"featured_media":0,"parent":3107,"menu_order":0,"comment_status":"closed","ping_status":"closed","template":"","meta":{"ngg_post_thumbnail":0,"footnotes":""},"class_list":["post-5918","page","type-page","status-publish","hentry"],"_links":{"self":[{"href":"https:\/\/gymnasium-odenkirchen.de\/wordpress\/index.php?rest_route=\/wp\/v2\/pages\/5918","targetHints":{"allow":["GET"]}}],"collection":[{"href":"https:\/\/gymnasium-odenkirchen.de\/wordpress\/index.php?rest_route=\/wp\/v2\/pages"}],"about":[{"href":"https:\/\/gymnasium-odenkirchen.de\/wordpress\/index.php?rest_route=\/wp\/v2\/types\/page"}],"author":[{"embeddable":true,"href":"https:\/\/gymnasium-odenkirchen.de\/wordpress\/index.php?rest_route=\/wp\/v2\/users\/5"}],"replies":[{"embeddable":true,"href":"https:\/\/gymnasium-odenkirchen.de\/wordpress\/index.php?rest_route=%2Fwp%2Fv2%2Fcomments&post=5918"}],"version-history":[{"count":19,"href":"https:\/\/gymnasium-odenkirchen.de\/wordpress\/index.php?rest_route=\/wp\/v2\/pages\/5918\/revisions"}],"predecessor-version":[{"id":5937,"href":"https:\/\/gymnasium-odenkirchen.de\/wordpress\/index.php?rest_route=\/wp\/v2\/pages\/5918\/revisions\/5937"}],"up":[{"embeddable":true,"href":"https:\/\/gymnasium-odenkirchen.de\/wordpress\/index.php?rest_route=\/wp\/v2\/pages\/3107"}],"wp:attachment":[{"href":"https:\/\/gymnasium-odenkirchen.de\/wordpress\/index.php?rest_route=%2Fwp%2Fv2%2Fmedia&parent=5918"}],"curies":[{"name":"wp","href":"https:\/\/api.w.org\/{rel}","templated":true}]}}