{"id":7319,"date":"2020-07-08T16:32:38","date_gmt":"2020-07-08T14:32:38","guid":{"rendered":"https:\/\/gymnasium-odenkirchen.de\/wordpress\/?page_id=7319"},"modified":"2024-11-15T16:42:53","modified_gmt":"2024-11-15T14:42:53","slug":"7319-2","status":"publish","type":"page","link":"https:\/\/gymnasium-odenkirchen.de\/wordpress\/?page_id=7319","title":{"rendered":"Zeit verschenken, Freu(n)de bekommen: Die Lesepaten-AG"},"content":{"rendered":"<h2 style=\"text-align: center;\"><\/h2>\n<p><img loading=\"lazy\" decoding=\"async\" class=\" wp-image-11688 aligncenter\" src=\"https:\/\/gymnasium-odenkirchen.de\/wordpress\/wp-content\/uploads\/2024\/11\/plakat.png\" alt=\"\" width=\"511\" height=\"663\" \/><\/p>\n<p>&nbsp;<\/p>\n<p><em>Bereits seit 2007 gibt es am Gymnasium Odenkirchen die Lesepaten-AG in Kooperation mit\u00a0<\/em><em>dem<\/em> <em>st\u00e4dtischen Altenheim am Pixbusch, das sich in direkter Nachbarschaft zum Gymnasium Odenkirchen befindet.<\/em><\/p>\n<p>Hast Du schon einmal dar\u00fcber nachgedacht, wie selbstverst\u00e4ndlich es f\u00fcr uns ist, Tag f\u00fcr Tag in der Weltgeschichte umherzureisen und nach Herzenslust Freunde, Bekannte oder einfach nur Gespr\u00e4chspartner zu treffen? Wie normal es f\u00fcr uns ist, unabh\u00e4ngig und selbstst\u00e4ndig unseren W\u00fcnschen und Zielen nachzugehen? Das Privileg, frei den eigenen Weg zu gehen, ist leider nicht f\u00fcr alle Menschen so selbstverst\u00e4ndlich, wie es zun\u00e4chst scheinen mag: In vielen Altenheimen der Republik sitzen \u00e4ltere, gebrechliche Menschen, die auf Betreuung, Hilfe und manchmal auch bestimmte Ger\u00e4te angewiesen sind und sich deshalb nicht \u201emal eben so\u201c in den n\u00e4chstbesten Zug setzen k\u00f6nnen. Angeh\u00f6rige k\u00f6nnen nicht dauerhaft zugegen sein und leben vielleicht sogar zu weit entfernt, um regelm\u00e4\u00dfig vorbeizukommen. An genau solche Menschen richtet sich die Lesepaten-AG unserer Schule.<\/p>\n<p>Als unsere gesch\u00e4tzte ehemalige Kollegin Frau Finke-Gabriel die Arbeitsgemeinschaft vor \u00fcber 15 Jahren ins Leben rief, ahnte wohl kaum einer, wie best\u00e4ndig sie sein w\u00fcrde: Sch\u00fclerinnen und Sch\u00fcler <strong>ab der achten Klassenstufe<\/strong> haben seither die <strong>M\u00f6glichkeit, einmal in der Woche einen Teil ihrer Zeit zu investieren, um \u00e4lteren Menschen damit eine gro\u00dfe Freude zu bereiten.<\/strong><\/p>\n<p>&nbsp;<\/p>\n<h3>Welche Aufgaben hat eine Lesepatin bzw. ein Lesepate?<\/h3>\n<p>Jedem Lesepaten wird zu Beginn des Schuljahres ein Bewohner des Altenheims zugeteilt (auch ein Zweier-Patenteam ist m\u00f6glich). <strong>Die Lesepaten treffen ihre Bewohner ein Mal in der Woche f\u00fcr den Zeitraum von circa einer Stunde<\/strong>. Tag und Uhrzeit des Treffens k\u00f6nnen sich die Paten dabei &#8211; abgestimmt auf den Tagesablauf und die Besch\u00e4ftigungen der Senioren &#8211; selbst aussuchen.<\/p>\n<p><strong>Die Treffen mit den Bewohnern werden weitgehend eigenst\u00e4ndig gestaltet<\/strong>. Neben dem namensgebenden Vorlesen k\u00f6nnen die Sch\u00fclerinnen und Sch\u00fcler mit ihren Bewohnern auch spazieren gehen, musizieren, sich unterhalten, Brettspiele spielen, basteln, oder einfach ihrer Kreativit\u00e4t freien Lauf lassen &#8211; sogar Englischunterricht hat es im Rahmen des Lesepaten-Projekts schon gegeben!<img loading=\"lazy\" decoding=\"async\" class=\"size-medium wp-image-5236 alignright\" src=\"https:\/\/gymnasium-odenkirchen.de\/wordpress\/wp-content\/uploads\/2018\/12\/Titelbild-Lesepaten-13.12.18-225x300.jpg\" alt=\"\" width=\"225\" height=\"300\" srcset=\"https:\/\/gymnasium-odenkirchen.de\/wordpress\/wp-content\/uploads\/2018\/12\/Titelbild-Lesepaten-13.12.18-225x300.jpg 225w, https:\/\/gymnasium-odenkirchen.de\/wordpress\/wp-content\/uploads\/2018\/12\/Titelbild-Lesepaten-13.12.18-768x1024.jpg 768w, https:\/\/gymnasium-odenkirchen.de\/wordpress\/wp-content\/uploads\/2018\/12\/Titelbild-Lesepaten-13.12.18-450x600.jpg 450w, https:\/\/gymnasium-odenkirchen.de\/wordpress\/wp-content\/uploads\/2018\/12\/Titelbild-Lesepaten-13.12.18.jpg 1200w\" sizes=\"auto, (max-width: 225px) 100vw, 225px\" \/><\/p>\n<p>Einmal im Jahr bereichern die Lesepaten das Programm der <strong>Weihnachtsfeier im Altenheim<\/strong> und unterhalten die Bewohner und ihre Angeh\u00f6rigen mit musikalischen Beitr\u00e4gen, Gedichten und Weihnachtsgeschichten. Zudem informiert die Arbeitsgemeinschaft allj\u00e4hrlich beim <strong>Tag der offenen T\u00fcr<\/strong> am Gymnasium Odenkirchen \u00fcber ihre Arbeit.<\/p>\n<p>&nbsp;<\/p>\n<h3>Treffen, Feedback und Schulungen:<\/h3>\n<p>Damit sich aus den w\u00f6chentlichen Treffen ein harmonisches Miteinander entwickelt, steht unserer AG neben der<b> begleitenden Lehrerin\u00a0Frau Zober <\/b>auch<b> Frau M\u00fchlhoff vom sozialen Dienst des Altenheims\u00a0<\/b>zur Seite und kann so<b> konstruktive Tipps f\u00fcr die Begegnungen mit den Bewohnern <\/b>geben. In <b>regelm\u00e4\u00dfigen Treffen<\/b>\u00a0tauschen sich die Sch\u00fclerinnen und Sch\u00fcler zudem \u00fcber ihre Erfahrungen aus und besprechen eventuelle Schwierigkeiten und Probleme.<\/p>\n<p>Nat\u00fcrlich bringt der Lesepaten-Alltag Situationen mit sich, an die man sich erst gew\u00f6hnen muss. So mancher Neueinsteiger mag sich fragen: Wie gehe ich mit Demenzkranken um? Wie muss ich mit einem Rollstuhl umgehen? Und was passiert, wenn mein Bewohner stirbt? <b>Um die Lesepaten auf solche Umst\u00e4nde vorzubereiten, gibt es zu Beginn jedes Schuljahres eine Einf\u00fchrung in die verschiedenen H\u00fcrden und Besonderheiten<\/b>, die der<b> Altenheim-Alltag <\/b>mit sich bringt &#8211; selbstverst\u00e4ndlich auch zur Auffrischung f\u00fcr die \u00e4lteren Lesepaten.<\/p>\n<p>&nbsp;<\/p>\n<h3>Warum lohnt es sich, Lesepatin oder Lesepate zu werden?<\/h3>\n<p>Als Lesepate lernt man Vieles, was weit \u00fcber den gew\u00f6hnlichen Schulalltag hinausgeht. Man lernt Menschen kennen, die man sonst nie kennen lernen w\u00fcrde und sammelt viele Erfahrungen im Umgang mit \u00e4lteren Mitmenschen. Man lernt, <strong>mit<\/strong> <strong>immer aktueller werdenden Problemen<\/strong> wie Demenz, k\u00f6rperlichen Gebrechen und vielleicht sogar dem Tod konfrontiert zu werden und mit diesen <strong>umzugehen<\/strong>. Auch <strong>Respekt, R\u00fccksicht<\/strong> und <strong>Verantwortung<\/strong> werden durch die AG vermittelt und animieren zu mehr eigenverantwortlichem und selbstst\u00e4ndigem Handeln. Nicht zuletzt profitieren beide Seiten: Die Senioren geben ihren Paten viel Wissen und ein beachtliches Ma\u00df an Lebenserfahrung mit auf den Weg, w\u00e4hrend sie durch ihre deutlich j\u00fcngeren Gespr\u00e4chspartner ganz neue Einblicke in die Welt der Jugendlichen erhalten. So ist ein <strong>reger Austausch zwischen den Generationen<\/strong> entstanden, der hilft, Vorurteile auf beiden Seiten abzubauen.<\/p>\n<p>&nbsp;<\/p>\n<h3>Wie werde ich Lesepate bzw. Lesepatin?<em><strong><br \/>\n<\/strong><\/em><\/h3>\n<p>Zu Beginn jedes neuen Schuljahres sind alle Interessierten herzlich eingeladen zu einem <strong>Schnuppertreffen<\/strong>, das in der Bibliothek des Altenheims stattfindet. Aber auch <strong>mitten im Schuljahr<\/strong> k\u00f6nnt Ihr uns kennenlernen. Besucht uns doch einfach mal bei einem unserer Treffen &#8211; wir freuen uns darauf, Euch kennenzulernen!\u00a0F\u00fcr weitere Informationen steht Euch <strong>Frau Zober<\/strong> gerne zur Verf\u00fcgung.<\/p>\n<p><strong>Au\u00dferdem gibt es <a href=\"https:\/\/gymnasium-odenkirchen.de\/wordpress\/wp-content\/uploads\/2024\/11\/Flyer-neu-bearbeitet.pdf\">hier<\/a> den aktuellen Lesepaten-Flyer<\/strong>.<\/p>\n<pre>Lesepaten - Zeit verschenken, Freu(n)de bekommen!<\/pre>\n<p>&nbsp;<\/p>\n<p>&nbsp;<\/p>\n","protected":false},"excerpt":{"rendered":"<p>&nbsp; Bereits seit 2007 gibt es am Gymnasium Odenkirchen die Lesepaten-AG in Kooperation mit\u00a0dem st\u00e4dtischen Altenheim am Pixbusch, das sich in direkter Nachbarschaft zum Gymnasium Odenkirchen befindet. Hast Du schon einmal dar\u00fcber nachgedacht, wie selbstverst\u00e4ndlich es f\u00fcr uns ist, Tag f\u00fcr Tag in der Weltgeschichte umherzureisen und nach Herzenslust Freunde, Bekannte oder einfach nur Gespr\u00e4chspartner zu treffen? Wie normal es f\u00fcr uns ist, unabh\u00e4ngig und selbstst\u00e4ndig unseren W\u00fcnschen und Zielen nachzugehen? Das Privileg, frei den eigenen Weg zu gehen, ist leider nicht f\u00fcr alle Menschen so selbstverst\u00e4ndlich, wie es zun\u00e4chst scheinen mag: In vielen Altenheimen der Republik sitzen \u00e4ltere, gebrechliche [&hellip;]<\/p>\n","protected":false},"author":5,"featured_media":0,"parent":3116,"menu_order":0,"comment_status":"closed","ping_status":"closed","template":"","meta":{"ngg_post_thumbnail":0,"footnotes":""},"class_list":["post-7319","page","type-page","status-publish","hentry"],"_links":{"self":[{"href":"https:\/\/gymnasium-odenkirchen.de\/wordpress\/index.php?rest_route=\/wp\/v2\/pages\/7319","targetHints":{"allow":["GET"]}}],"collection":[{"href":"https:\/\/gymnasium-odenkirchen.de\/wordpress\/index.php?rest_route=\/wp\/v2\/pages"}],"about":[{"href":"https:\/\/gymnasium-odenkirchen.de\/wordpress\/index.php?rest_route=\/wp\/v2\/types\/page"}],"author":[{"embeddable":true,"href":"https:\/\/gymnasium-odenkirchen.de\/wordpress\/index.php?rest_route=\/wp\/v2\/users\/5"}],"replies":[{"embeddable":true,"href":"https:\/\/gymnasium-odenkirchen.de\/wordpress\/index.php?rest_route=%2Fwp%2Fv2%2Fcomments&post=7319"}],"version-history":[{"count":27,"href":"https:\/\/gymnasium-odenkirchen.de\/wordpress\/index.php?rest_route=\/wp\/v2\/pages\/7319\/revisions"}],"predecessor-version":[{"id":11698,"href":"https:\/\/gymnasium-odenkirchen.de\/wordpress\/index.php?rest_route=\/wp\/v2\/pages\/7319\/revisions\/11698"}],"up":[{"embeddable":true,"href":"https:\/\/gymnasium-odenkirchen.de\/wordpress\/index.php?rest_route=\/wp\/v2\/pages\/3116"}],"wp:attachment":[{"href":"https:\/\/gymnasium-odenkirchen.de\/wordpress\/index.php?rest_route=%2Fwp%2Fv2%2Fmedia&parent=7319"}],"curies":[{"name":"wp","href":"https:\/\/api.w.org\/{rel}","templated":true}]}}