{"id":7598,"date":"2020-09-22T16:44:50","date_gmt":"2020-09-22T14:44:50","guid":{"rendered":"https:\/\/gymnasium-odenkirchen.de\/wordpress\/?page_id=7598"},"modified":"2020-09-22T16:44:50","modified_gmt":"2020-09-22T14:44:50","slug":"links-zur-berufsberatung","status":"publish","type":"page","link":"https:\/\/gymnasium-odenkirchen.de\/wordpress\/?page_id=7598","title":{"rendered":"Links zur Berufsberatung"},"content":{"rendered":"<p><a href=\"http:\/\/www.arbeitsagentur.de\/\" target=\"_blank\" rel=\"noopener noreferrer\">Arbeitsagentur<\/a><\/p>\n<p><a href=\"https:\/\/berufenet.arbeitsagentur.de\/\">Arbeitsagentur: Informationen zu Berufen und Berufsfeldern<\/a><\/p>\n<p><a href=\"http:\/\/www.zeit-zum-bewerben.de\/indexf.html\" target=\"_blank\" rel=\"noopener noreferrer\">Ausbildungspl\u00e4tze<\/a><\/p>\n<p><a href=\"http:\/\/www.das-neue-bafoeg.de\/\" target=\"_blank\" rel=\"noopener noreferrer\">BAf\u00f6G<\/a><\/p>\n<p><a href=\"http:\/\/www.beruf-konkret.de\/\" target=\"_blank\" rel=\"noopener noreferrer\">Beruf konkret<\/a><\/p>\n<p><a href=\"https:\/\/www.checkin-berufswelt.net\/\" target=\"_blank\" rel=\"noopener noreferrer\">Check-In Berufswelt<\/a><\/p>\n<p><a href=\"http:\/\/www.daad.de\/de\/index.html\" target=\"_blank\" rel=\"noopener noreferrer\">Deutscher Akademischer Austauschdienst<\/a><\/p>\n<p><a href=\"http:\/\/www.einstieg.com\/\" target=\"_blank\" rel=\"noopener noreferrer\">Einstieg<\/a><\/p>\n<p><a href=\"http:\/\/www.hochschulkompass.de\/\" target=\"_blank\" rel=\"noopener noreferrer\">Hochschulkompass<\/a><\/p>\n<p><a href=\"https:\/\/www.xn--jobbrse-d1a.de\/\" target=\"_blank\" rel=\"noopener noreferrer\">Jobb\u00f6rse<\/a><\/p>\n<p><a href=\"http:\/\/www.neue-ausbildungsberufe.de\/\" target=\"_blank\" rel=\"noopener noreferrer\">Neue Ausbildungsberufe<\/a><\/p>\n<p><a href=\"http:\/\/www.studienwahl.de\/fmg.htm\" target=\"_blank\" rel=\"noopener noreferrer\">Studien- und Berufswahl<\/a><\/p>\n<p><a href=\"http:\/\/www.studieren.de\/\" target=\"_blank\" rel=\"noopener noreferrer\">Studieren<\/a><\/p>\n<p><a href=\"http:\/\/www.uni-magazin.de\/\" target=\"_blank\" rel=\"noopener noreferrer\">UNI-Magazin<\/a><\/p>\n<p><a href=\"http:\/\/www.wege-ins-studium.de\/\" target=\"_blank\" rel=\"noopener noreferrer\">Wege ins Studium<\/a><\/p>\n<p><a href=\"http:\/\/www.zvs.de\/\" target=\"_blank\" rel=\"noopener noreferrer\">ZVS<\/a><\/p>\n","protected":false},"excerpt":{"rendered":"<p>Arbeitsagentur Arbeitsagentur: Informationen zu Berufen und Berufsfeldern Ausbildungspl\u00e4tze BAf\u00f6G Beruf konkret Check-In Berufswelt Deutscher Akademischer Austauschdienst Einstieg Hochschulkompass Jobb\u00f6rse Neue Ausbildungsberufe Studien- und Berufswahl Studieren UNI-Magazin Wege ins Studium ZVS<\/p>\n","protected":false},"author":5,"featured_media":0,"parent":0,"menu_order":0,"comment_status":"closed","ping_status":"closed","template":"","meta":{"ngg_post_thumbnail":0,"footnotes":""},"class_list":["post-7598","page","type-page","status-publish","hentry"],"_links":{"self":[{"href":"https:\/\/gymnasium-odenkirchen.de\/wordpress\/index.php?rest_route=\/wp\/v2\/pages\/7598","targetHints":{"allow":["GET"]}}],"collection":[{"href":"https:\/\/gymnasium-odenkirchen.de\/wordpress\/index.php?rest_route=\/wp\/v2\/pages"}],"about":[{"href":"https:\/\/gymnasium-odenkirchen.de\/wordpress\/index.php?rest_route=\/wp\/v2\/types\/page"}],"author":[{"embeddable":true,"href":"https:\/\/gymnasium-odenkirchen.de\/wordpress\/index.php?rest_route=\/wp\/v2\/users\/5"}],"replies":[{"embeddable":true,"href":"https:\/\/gymnasium-odenkirchen.de\/wordpress\/index.php?rest_route=%2Fwp%2Fv2%2Fcomments&post=7598"}],"version-history":[{"count":1,"href":"https:\/\/gymnasium-odenkirchen.de\/wordpress\/index.php?rest_route=\/wp\/v2\/pages\/7598\/revisions"}],"predecessor-version":[{"id":7599,"href":"https:\/\/gymnasium-odenkirchen.de\/wordpress\/index.php?rest_route=\/wp\/v2\/pages\/7598\/revisions\/7599"}],"wp:attachment":[{"href":"https:\/\/gymnasium-odenkirchen.de\/wordpress\/index.php?rest_route=%2Fwp%2Fv2%2Fmedia&parent=7598"}],"curies":[{"name":"wp","href":"https:\/\/api.w.org\/{rel}","templated":true}]}}