{"id":9809,"date":"2022-07-07T09:12:18","date_gmt":"2022-07-07T07:12:18","guid":{"rendered":"https:\/\/gymnasium-odenkirchen.de\/wordpress\/?page_id=9809"},"modified":"2022-07-07T09:28:59","modified_gmt":"2022-07-07T07:28:59","slug":"__trashed","status":"publish","type":"page","link":"https:\/\/gymnasium-odenkirchen.de\/wordpress\/?page_id=9809","title":{"rendered":"Veranstaltungen"},"content":{"rendered":"<p>J\u00e4hrlich finden im Wechsel unsere Wohlt\u00e4tigkeitswanderung und unsere Projekttage mit anschlie\u00dfendem Schulfest statt. Der Gro\u00dfteil des dabei eingenommenen Geldes kommt dabei einem gemeinn\u00fctzigen Zweck zu, welcher jedes Jahr neu bestimmt wird. Das restliche Geld kommt der Schule zugute.<\/p>\n<style>.kachel { width: 250px; height: 250px; background-color:#c1d7cc; padding:5px; float:left; overflow:auto; margin:5px; text-align: center;}<br \/>.kachel h1 {font-size: 20px; text-align: center;}<br \/>.kachel img { float: left; margin:5px; }<br \/>.kachelheader { vertical-align:middle; overflow:auto;}<br \/> <\/style>\n<div class=\"kachel\">\n<h1><a href=\"https:\/\/gymnasium-odenkirchen.de\/wordpress\/?page_id=3121\">Wohlt\u00e4tigkeits-wanderung<\/a><\/a><\/h1>\n<\/div>\n<p><\/a><\/p>\n<div class=\"kachel\">\n<h1><a href=\"https:\/\/gymnasium-odenkirchen.de\/wordpress\/?page_id=3221\">Projekttage und Schulfeste<\/a><\/a><\/h1>\n<\/div>\n<p><\/a><\/p>\n","protected":false},"excerpt":{"rendered":"<p>J\u00e4hrlich finden im Wechsel unsere Wohlt\u00e4tigkeitswanderung und unsere Projekttage mit anschlie\u00dfendem Schulfest statt. Der Gro\u00dfteil des dabei eingenommenen Geldes kommt dabei einem gemeinn\u00fctzigen Zweck zu, welcher jedes Jahr neu bestimmt wird. Das restliche Geld kommt der Schule zugute. Wohlt\u00e4tigkeits-wanderung Projekttage und Schulfeste<\/p>\n","protected":false},"author":8,"featured_media":0,"parent":0,"menu_order":0,"comment_status":"closed","ping_status":"closed","template":"","meta":{"ngg_post_thumbnail":0,"footnotes":""},"class_list":["post-9809","page","type-page","status-publish","hentry"],"_links":{"self":[{"href":"https:\/\/gymnasium-odenkirchen.de\/wordpress\/index.php?rest_route=\/wp\/v2\/pages\/9809","targetHints":{"allow":["GET"]}}],"collection":[{"href":"https:\/\/gymnasium-odenkirchen.de\/wordpress\/index.php?rest_route=\/wp\/v2\/pages"}],"about":[{"href":"https:\/\/gymnasium-odenkirchen.de\/wordpress\/index.php?rest_route=\/wp\/v2\/types\/page"}],"author":[{"embeddable":true,"href":"https:\/\/gymnasium-odenkirchen.de\/wordpress\/index.php?rest_route=\/wp\/v2\/users\/8"}],"replies":[{"embeddable":true,"href":"https:\/\/gymnasium-odenkirchen.de\/wordpress\/index.php?rest_route=%2Fwp%2Fv2%2Fcomments&post=9809"}],"version-history":[{"count":11,"href":"https:\/\/gymnasium-odenkirchen.de\/wordpress\/index.php?rest_route=\/wp\/v2\/pages\/9809\/revisions"}],"predecessor-version":[{"id":9825,"href":"https:\/\/gymnasium-odenkirchen.de\/wordpress\/index.php?rest_route=\/wp\/v2\/pages\/9809\/revisions\/9825"}],"wp:attachment":[{"href":"https:\/\/gymnasium-odenkirchen.de\/wordpress\/index.php?rest_route=%2Fwp%2Fv2%2Fmedia&parent=9809"}],"curies":[{"name":"wp","href":"https:\/\/api.w.org\/{rel}","templated":true}]}}